{"id":557,"date":"2016-09-13T10:39:21","date_gmt":"2016-09-13T10:39:21","guid":{"rendered":"http:\/\/prayde.com\/empresa\/?page_id=557"},"modified":"2018-11-21T10:46:10","modified_gmt":"2018-11-21T10:46:10","slug":"tutorial-de-inmoalquiler","status":"publish","type":"page","link":"https:\/\/prayde.com\/empresa\/tutorial-de-inmoalquiler\/","title":{"rendered":"Tutorial de InmoAlquiler"},"content":{"rendered":"<h1><strong>Aqu\u00ed encontrar\u00e1\u00a0tutoriales en v\u00eddeo que le ayudar\u00e1n a comprender el funcionamiento de InmoAlquiler.<\/strong><\/h1>\n<h2><strong>Qu\u00e9 datos introducir y qu\u00e9 resultados obtener e interpretar<\/strong><\/h2>\n<p>Otros tutoriales muestran c\u00e9mo funcionan InmoSuelo y otros programas:\u00a0<a href=\"http:\/\/prayde.com\/empresa\/tutorial-de-gestinmo\/\">Tutorial de Gestinmo<\/a>, <a href=\"http:\/\/prayde.com\/empresa\/tutorial-de-inmosuelo\/\">Tutorial de InmoSuelo<\/a>,\u00a0\u00a0 <a href=\"http:\/\/prayde.com\/empresa\/tutorial-de-programas\/\">Tutorial de InmoFase<\/a>, etc.<\/p>\n<div class=\"epyt-gallery\" data-currpage=\"1\" id=\"epyt_gallery_54840\"><div class=\"epyt-video-wrapper\"><iframe loading=\"lazy\"  id=\"_ytid_68898\"  width=\"780\" height=\"439\"  data-origwidth=\"780\" data-origheight=\"439\" src=\"https:\/\/www.youtube.com\/embed\/ivoIFu9CUa8?enablejsapi=1&origin=https:\/\/prayde.com&autoplay=0&cc_load_policy=0&cc_lang_pref=&iv_load_policy=1&loop=0&rel=1&fs=1&playsinline=0&autohide=2&theme=light&color=red&controls=1&disablekb=0&index=0&\" class=\"__youtube_prefs__  no-lazyload\" title=\"Tutorial de InmoAlquiler. Activos Inmobiliarios en Renta\"  data-epytgalleryid=\"epyt_gallery_54840\"  allow=\"fullscreen; accelerometer; autoplay; clipboard-write; encrypted-media; gyroscope; picture-in-picture; web-share\" referrerpolicy=\"strict-origin-when-cross-origin\" allowfullscreen data-no-lazy=\"1\" data-skipgform_ajax_framebjll=\"\"><\/iframe><\/div><div class=\"epyt-gallery-subscribe\"><a target=\"_blank\" class=\"epyt-gallery-subbutton\" href=\"https:\/\/www.youtube.com\/channel\/UC5R6wMuxUGFo3h6pwWAwVTg?sub_confirmation=1\"><img decoding=\"async\" alt=\"subscribe\" src=\"https:\/\/prayde.com\/empresa\/wp-content\/plugins\/youtube-embed-plus\/images\/play-subscribe.png\" \/>Subscribase al Canal de Gestinmo<\/a><\/div><div class=\"epyt-gallery-list\"><div class=\"epyt-pagination \"><div tabindex=\"0\" role=\"button\" class=\"epyt-pagebutton epyt-prev  hide \" data-playlistid=\"PL2rXgOV0kih4Gezfy6YAASurJOHmdGL4T\" data-pagesize=\"36\" data-pagetoken=\"\" data-epcolumns=\"4\" data-showtitle=\"1\" data-showpaging=\"1\" data-autonext=\"0\" data-thumbplay=\"0\"><div class=\"epyt-arrow\">&laquo;<\/div> <div>Prev<\/div><\/div><div class=\"epyt-pagenumbers hide\"><div class=\"epyt-current\">1<\/div><div class=\"epyt-pageseparator\"> \/ <\/div><div class=\"epyt-totalpages\">1<\/div><\/div><div tabindex=\"0\" role=\"button\" class=\"epyt-pagebutton epyt-next hide \" data-playlistid=\"PL2rXgOV0kih4Gezfy6YAASurJOHmdGL4T\" data-pagesize=\"36\" data-pagetoken=\"\" data-epcolumns=\"4\" data-showtitle=\"1\" data-showpaging=\"1\" data-autonext=\"0\" data-thumbplay=\"0\"><div>Next<\/div> <div class=\"epyt-arrow\">&raquo;<\/div><\/div><div class=\"epyt-loader\"><img loading=\"lazy\" decoding=\"async\" alt=\"loading\" width=\"16\" height=\"11\" src=\"https:\/\/prayde.com\/empresa\/wp-content\/plugins\/youtube-embed-plus\/images\/gallery-page-loader.gif\"><\/div><\/div><div class=\"epyt-gallery-allthumbs  epyt-cols-4 \"><div tabindex=\"0\" role=\"button\" data-videoid=\"ivoIFu9CUa8\" class=\"epyt-gallery-thumb\"><div class=\"epyt-gallery-img-box\"><div class=\"epyt-gallery-img\" style=\"background-image: url(https:\/\/i.ytimg.com\/vi\/ivoIFu9CUa8\/hqdefault.jpg)\"><div class=\"epyt-gallery-playhover\"><img loading=\"lazy\" decoding=\"async\" alt=\"play\" class=\"epyt-play-img\" width=\"30\" height=\"23\" src=\"https:\/\/prayde.com\/empresa\/wp-content\/plugins\/youtube-embed-plus\/images\/playhover.png\" data-no-lazy=\"1\" data-skipgform_ajax_framebjll=\"\" \/><div class=\"epyt-gallery-playcrutch\"><\/div><\/div><\/div><\/div><div class=\"epyt-gallery-title\">AQ-01 Plan de Negocio de Activos Inmobiliarios en Alquiler<\/div><\/div><div tabindex=\"0\" role=\"button\" data-videoid=\"8fKLSyZnIss\" class=\"epyt-gallery-thumb\"><div class=\"epyt-gallery-img-box\"><div class=\"epyt-gallery-img\" style=\"background-image: url(https:\/\/i.ytimg.com\/vi\/8fKLSyZnIss\/hqdefault.jpg)\"><div class=\"epyt-gallery-playhover\"><img loading=\"lazy\" decoding=\"async\" alt=\"play\" class=\"epyt-play-img\" width=\"30\" height=\"23\" src=\"https:\/\/prayde.com\/empresa\/wp-content\/plugins\/youtube-embed-plus\/images\/playhover.png\" data-no-lazy=\"1\" data-skipgform_ajax_framebjll=\"\" \/><div class=\"epyt-gallery-playcrutch\"><\/div><\/div><\/div><\/div><div class=\"epyt-gallery-title\">AQ-02 Alquiler. Datos del Plan de negocio<\/div><\/div><div tabindex=\"0\" role=\"button\" data-videoid=\"pa5fCp_Uzbw\" class=\"epyt-gallery-thumb\"><div class=\"epyt-gallery-img-box\"><div class=\"epyt-gallery-img\" style=\"background-image: url(https:\/\/i.ytimg.com\/vi\/pa5fCp_Uzbw\/hqdefault.jpg)\"><div class=\"epyt-gallery-playhover\"><img loading=\"lazy\" decoding=\"async\" alt=\"play\" class=\"epyt-play-img\" width=\"30\" height=\"23\" src=\"https:\/\/prayde.com\/empresa\/wp-content\/plugins\/youtube-embed-plus\/images\/playhover.png\" data-no-lazy=\"1\" data-skipgform_ajax_framebjll=\"\" \/><div class=\"epyt-gallery-playcrutch\"><\/div><\/div><\/div><\/div><div class=\"epyt-gallery-title\">AQ-03 Edificios y Activos en Alquiler<\/div><\/div><div tabindex=\"0\" role=\"button\" data-videoid=\"mKlOMaFSw7A\" class=\"epyt-gallery-thumb\"><div class=\"epyt-gallery-img-box\"><div class=\"epyt-gallery-img\" style=\"background-image: url(https:\/\/i.ytimg.com\/vi\/mKlOMaFSw7A\/hqdefault.jpg)\"><div class=\"epyt-gallery-playhover\"><img loading=\"lazy\" decoding=\"async\" alt=\"play\" class=\"epyt-play-img\" width=\"30\" height=\"23\" src=\"https:\/\/prayde.com\/empresa\/wp-content\/plugins\/youtube-embed-plus\/images\/playhover.png\" data-no-lazy=\"1\" data-skipgform_ajax_framebjll=\"\" \/><div class=\"epyt-gallery-playcrutch\"><\/div><\/div><\/div><\/div><div class=\"epyt-gallery-title\">AQ-04 Ingresos y Costes. Activos en Alquiler<\/div><\/div><div class=\"epyt-gallery-rowbreak\"><\/div><div tabindex=\"0\" role=\"button\" data-videoid=\"Ab4hiFtSfs4\" class=\"epyt-gallery-thumb\"><div class=\"epyt-gallery-img-box\"><div class=\"epyt-gallery-img\" style=\"background-image: url(https:\/\/i.ytimg.com\/vi\/Ab4hiFtSfs4\/hqdefault.jpg)\"><div class=\"epyt-gallery-playhover\"><img loading=\"lazy\" decoding=\"async\" alt=\"play\" class=\"epyt-play-img\" width=\"30\" height=\"23\" src=\"https:\/\/prayde.com\/empresa\/wp-content\/plugins\/youtube-embed-plus\/images\/playhover.png\" data-no-lazy=\"1\" data-skipgform_ajax_framebjll=\"\" \/><div class=\"epyt-gallery-playcrutch\"><\/div><\/div><\/div><\/div><div class=\"epyt-gallery-title\">AQ-05 Ficha del Activo Inmobiliario. Plan de Negocio en Alquiler<\/div><\/div><div tabindex=\"0\" role=\"button\" data-videoid=\"tlCDbvLBu4Q\" class=\"epyt-gallery-thumb\"><div class=\"epyt-gallery-img-box\"><div class=\"epyt-gallery-img\" style=\"background-image: url(https:\/\/i.ytimg.com\/vi\/tlCDbvLBu4Q\/hqdefault.jpg)\"><div class=\"epyt-gallery-playhover\"><img loading=\"lazy\" decoding=\"async\" alt=\"play\" class=\"epyt-play-img\" width=\"30\" height=\"23\" src=\"https:\/\/prayde.com\/empresa\/wp-content\/plugins\/youtube-embed-plus\/images\/playhover.png\" data-no-lazy=\"1\" data-skipgform_ajax_framebjll=\"\" \/><div class=\"epyt-gallery-playcrutch\"><\/div><\/div><\/div><\/div><div class=\"epyt-gallery-title\">AQ-06 Tesoreria Global de Activos en Alquiler<\/div><\/div><div class=\"epyt-gallery-clear\"><\/div><\/div><div class=\"epyt-pagination \"><div tabindex=\"0\" role=\"button\" class=\"epyt-pagebutton epyt-prev  hide \" data-playlistid=\"PL2rXgOV0kih4Gezfy6YAASurJOHmdGL4T\" data-pagesize=\"36\" data-pagetoken=\"\" data-epcolumns=\"4\" data-showtitle=\"1\" data-showpaging=\"1\" data-autonext=\"0\" data-thumbplay=\"0\"><div class=\"epyt-arrow\">&laquo;<\/div> <div>Prev<\/div><\/div><div class=\"epyt-pagenumbers hide\"><div class=\"epyt-current\">1<\/div><div class=\"epyt-pageseparator\"> \/ <\/div><div class=\"epyt-totalpages\">1<\/div><\/div><div tabindex=\"0\" role=\"button\" class=\"epyt-pagebutton epyt-next hide \" data-playlistid=\"PL2rXgOV0kih4Gezfy6YAASurJOHmdGL4T\" data-pagesize=\"36\" data-pagetoken=\"\" data-epcolumns=\"4\" data-showtitle=\"1\" data-showpaging=\"1\" data-autonext=\"0\" data-thumbplay=\"0\"><div>Next<\/div> <div class=\"epyt-arrow\">&raquo;<\/div><\/div><div class=\"epyt-loader\"><img loading=\"lazy\" decoding=\"async\" alt=\"loading\" width=\"16\" height=\"11\" src=\"https:\/\/prayde.com\/empresa\/wp-content\/plugins\/youtube-embed-plus\/images\/gallery-page-loader.gif\"><\/div><\/div><\/div><\/div>\n","protected":false},"excerpt":{"rendered":"<p>Aqu\u00ed encontrar\u00e1\u00a0tutoriales en v\u00eddeo que le ayudar\u00e1n a comprender el funcionamiento de InmoAlquiler. Qu\u00e9 datos introducir y qu\u00e9 resultados obtener e interpretar Otros tutoriales muestran c\u00e9mo funcionan InmoSuelo y otros\u2026 <a class=\"continue-reading-link\" href=\"https:\/\/prayde.com\/empresa\/tutorial-de-inmoalquiler\/\">Continue leyendo<\/a><\/p>\n","protected":false},"author":1,"featured_media":0,"parent":0,"menu_order":0,"comment_status":"closed","ping_status":"closed","template":"","meta":{"footnotes":""},"class_list":["post-557","page","type-page","status-publish","hentry"],"yoast_head":"<!-- This site is optimized with the Yoast SEO plugin v27.4 - https:\/\/yoast.com\/product\/yoast-seo-wordpress\/ -->\n<title>Tutorial de InmoAlquiler - Gestinmo<\/title>\n<meta name=\"description\" content=\"Si tiene dudas sobre el funcionamiento del programa InmoSuelo, aqu\u00ed encontrar\u00e1 una serie de tutoriales en v\u00eddeo que le ayudar\u00e1n a resolverlas. | PRAYDE GESTI\u00d3N\" \/>\n<meta name=\"robots\" content=\"index, follow, max-snippet:-1, max-image-preview:large, max-video-preview:-1\" \/>\n<link rel=\"canonical\" href=\"https:\/\/prayde.com\/empresa\/tutorial-de-inmoalquiler\/\" \/>\n<meta property=\"og:locale\" content=\"es_ES\" \/>\n<meta property=\"og:type\" content=\"article\" \/>\n<meta property=\"og:title\" content=\"Tutorial de InmoAlquiler - Gestinmo\" \/>\n<meta property=\"og:description\" content=\"Si tiene dudas sobre el funcionamiento del programa InmoSuelo, aqu\u00ed encontrar\u00e1 una serie de tutoriales en v\u00eddeo que le ayudar\u00e1n a resolverlas. | PRAYDE GESTI\u00d3N\" \/>\n<meta property=\"og:url\" content=\"https:\/\/prayde.com\/empresa\/tutorial-de-inmoalquiler\/\" \/>\n<meta property=\"og:site_name\" content=\"Gestinmo\" \/>\n<meta property=\"article:modified_time\" content=\"2018-11-21T10:46:10+00:00\" \/>\n<meta name=\"twitter:card\" content=\"summary_large_image\" \/>\n<script type=\"application\/ld+json\" class=\"yoast-schema-graph\">{\"@context\":\"https:\\\/\\\/schema.org\",\"@graph\":[{\"@type\":\"WebPage\",\"@id\":\"https:\\\/\\\/prayde.com\\\/empresa\\\/tutorial-de-inmoalquiler\\\/\",\"url\":\"https:\\\/\\\/prayde.com\\\/empresa\\\/tutorial-de-inmoalquiler\\\/\",\"name\":\"Tutorial de InmoAlquiler - Gestinmo\",\"isPartOf\":{\"@id\":\"https:\\\/\\\/prayde.com\\\/empresa\\\/#website\"},\"datePublished\":\"2016-09-13T10:39:21+00:00\",\"dateModified\":\"2018-11-21T10:46:10+00:00\",\"description\":\"Si tiene dudas sobre el funcionamiento del programa InmoSuelo, aqu\u00ed encontrar\u00e1 una serie de tutoriales en v\u00eddeo que le ayudar\u00e1n a resolverlas. | PRAYDE GESTI\u00d3N\",\"breadcrumb\":{\"@id\":\"https:\\\/\\\/prayde.com\\\/empresa\\\/tutorial-de-inmoalquiler\\\/#breadcrumb\"},\"inLanguage\":\"es\",\"potentialAction\":[{\"@type\":\"ReadAction\",\"target\":[\"https:\\\/\\\/prayde.com\\\/empresa\\\/tutorial-de-inmoalquiler\\\/\"]}]},{\"@type\":\"BreadcrumbList\",\"@id\":\"https:\\\/\\\/prayde.com\\\/empresa\\\/tutorial-de-inmoalquiler\\\/#breadcrumb\",\"itemListElement\":[{\"@type\":\"ListItem\",\"position\":1,\"name\":\"Portada\",\"item\":\"https:\\\/\\\/prayde.com\\\/empresa\\\/\"},{\"@type\":\"ListItem\",\"position\":2,\"name\":\"Tutorial de InmoAlquiler\"}]},{\"@type\":\"WebSite\",\"@id\":\"https:\\\/\\\/prayde.com\\\/empresa\\\/#website\",\"url\":\"https:\\\/\\\/prayde.com\\\/empresa\\\/\",\"name\":\"Gestinmo\",\"description\":\"Analizar la Rentabilidad y Riesgos de una Promocion Inmobiliaria\",\"publisher\":{\"@id\":\"https:\\\/\\\/prayde.com\\\/empresa\\\/#organization\"},\"potentialAction\":[{\"@type\":\"SearchAction\",\"target\":{\"@type\":\"EntryPoint\",\"urlTemplate\":\"https:\\\/\\\/prayde.com\\\/empresa\\\/?s={search_term_string}\"},\"query-input\":{\"@type\":\"PropertyValueSpecification\",\"valueRequired\":true,\"valueName\":\"search_term_string\"}}],\"inLanguage\":\"es\"},{\"@type\":\"Organization\",\"@id\":\"https:\\\/\\\/prayde.com\\\/empresa\\\/#organization\",\"name\":\"Gestinmo\",\"url\":\"https:\\\/\\\/prayde.com\\\/empresa\\\/\",\"logo\":{\"@type\":\"ImageObject\",\"inLanguage\":\"es\",\"@id\":\"https:\\\/\\\/prayde.com\\\/empresa\\\/#\\\/schema\\\/logo\\\/image\\\/\",\"url\":\"https:\\\/\\\/prayde.com\\\/empresa\\\/wp-content\\\/uploads\\\/2018\\\/12\\\/cropped-cropped-Prayde-Pe.jpg\",\"contentUrl\":\"https:\\\/\\\/prayde.com\\\/empresa\\\/wp-content\\\/uploads\\\/2018\\\/12\\\/cropped-cropped-Prayde-Pe.jpg\",\"width\":512,\"height\":512,\"caption\":\"Gestinmo\"},\"image\":{\"@id\":\"https:\\\/\\\/prayde.com\\\/empresa\\\/#\\\/schema\\\/logo\\\/image\\\/\"}}]}<\/script>\n<!-- \/ Yoast SEO plugin. -->","yoast_head_json":{"title":"Tutorial de InmoAlquiler - Gestinmo","description":"Si tiene dudas sobre el funcionamiento del programa InmoSuelo, aqu\u00ed encontrar\u00e1 una serie de tutoriales en v\u00eddeo que le ayudar\u00e1n a resolverlas. | PRAYDE GESTI\u00d3N","robots":{"index":"index","follow":"follow","max-snippet":"max-snippet:-1","max-image-preview":"max-image-preview:large","max-video-preview":"max-video-preview:-1"},"canonical":"https:\/\/prayde.com\/empresa\/tutorial-de-inmoalquiler\/","og_locale":"es_ES","og_type":"article","og_title":"Tutorial de InmoAlquiler - Gestinmo","og_description":"Si tiene dudas sobre el funcionamiento del programa InmoSuelo, aqu\u00ed encontrar\u00e1 una serie de tutoriales en v\u00eddeo que le ayudar\u00e1n a resolverlas. | PRAYDE GESTI\u00d3N","og_url":"https:\/\/prayde.com\/empresa\/tutorial-de-inmoalquiler\/","og_site_name":"Gestinmo","article_modified_time":"2018-11-21T10:46:10+00:00","twitter_card":"summary_large_image","schema":{"@context":"https:\/\/schema.org","@graph":[{"@type":"WebPage","@id":"https:\/\/prayde.com\/empresa\/tutorial-de-inmoalquiler\/","url":"https:\/\/prayde.com\/empresa\/tutorial-de-inmoalquiler\/","name":"Tutorial de InmoAlquiler - Gestinmo","isPartOf":{"@id":"https:\/\/prayde.com\/empresa\/#website"},"datePublished":"2016-09-13T10:39:21+00:00","dateModified":"2018-11-21T10:46:10+00:00","description":"Si tiene dudas sobre el funcionamiento del programa InmoSuelo, aqu\u00ed encontrar\u00e1 una serie de tutoriales en v\u00eddeo que le ayudar\u00e1n a resolverlas. | PRAYDE GESTI\u00d3N","breadcrumb":{"@id":"https:\/\/prayde.com\/empresa\/tutorial-de-inmoalquiler\/#breadcrumb"},"inLanguage":"es","potentialAction":[{"@type":"ReadAction","target":["https:\/\/prayde.com\/empresa\/tutorial-de-inmoalquiler\/"]}]},{"@type":"BreadcrumbList","@id":"https:\/\/prayde.com\/empresa\/tutorial-de-inmoalquiler\/#breadcrumb","itemListElement":[{"@type":"ListItem","position":1,"name":"Portada","item":"https:\/\/prayde.com\/empresa\/"},{"@type":"ListItem","position":2,"name":"Tutorial de InmoAlquiler"}]},{"@type":"WebSite","@id":"https:\/\/prayde.com\/empresa\/#website","url":"https:\/\/prayde.com\/empresa\/","name":"Gestinmo","description":"Analizar la Rentabilidad y Riesgos de una Promocion Inmobiliaria","publisher":{"@id":"https:\/\/prayde.com\/empresa\/#organization"},"potentialAction":[{"@type":"SearchAction","target":{"@type":"EntryPoint","urlTemplate":"https:\/\/prayde.com\/empresa\/?s={search_term_string}"},"query-input":{"@type":"PropertyValueSpecification","valueRequired":true,"valueName":"search_term_string"}}],"inLanguage":"es"},{"@type":"Organization","@id":"https:\/\/prayde.com\/empresa\/#organization","name":"Gestinmo","url":"https:\/\/prayde.com\/empresa\/","logo":{"@type":"ImageObject","inLanguage":"es","@id":"https:\/\/prayde.com\/empresa\/#\/schema\/logo\/image\/","url":"https:\/\/prayde.com\/empresa\/wp-content\/uploads\/2018\/12\/cropped-cropped-Prayde-Pe.jpg","contentUrl":"https:\/\/prayde.com\/empresa\/wp-content\/uploads\/2018\/12\/cropped-cropped-Prayde-Pe.jpg","width":512,"height":512,"caption":"Gestinmo"},"image":{"@id":"https:\/\/prayde.com\/empresa\/#\/schema\/logo\/image\/"}}]}},"_links":{"self":[{"href":"https:\/\/prayde.com\/empresa\/wp-json\/wp\/v2\/pages\/557","targetHints":{"allow":["GET"]}}],"collection":[{"href":"https:\/\/prayde.com\/empresa\/wp-json\/wp\/v2\/pages"}],"about":[{"href":"https:\/\/prayde.com\/empresa\/wp-json\/wp\/v2\/types\/page"}],"author":[{"embeddable":true,"href":"https:\/\/prayde.com\/empresa\/wp-json\/wp\/v2\/users\/1"}],"replies":[{"embeddable":true,"href":"https:\/\/prayde.com\/empresa\/wp-json\/wp\/v2\/comments?post=557"}],"version-history":[{"count":3,"href":"https:\/\/prayde.com\/empresa\/wp-json\/wp\/v2\/pages\/557\/revisions"}],"predecessor-version":[{"id":733,"href":"https:\/\/prayde.com\/empresa\/wp-json\/wp\/v2\/pages\/557\/revisions\/733"}],"wp:attachment":[{"href":"https:\/\/prayde.com\/empresa\/wp-json\/wp\/v2\/media?parent=557"}],"curies":[{"name":"wp","href":"https:\/\/api.w.org\/{rel}","templated":true}]}}