{"id":38,"date":"2015-08-21T10:36:13","date_gmt":"2015-08-21T10:36:13","guid":{"rendered":"http:\/\/prayde.com\/empresa\/empresa\/?page_id=38"},"modified":"2024-02-29T09:24:10","modified_gmt":"2024-02-29T09:24:10","slug":"precios","status":"publish","type":"page","link":"https:\/\/prayde.com\/empresa\/precios\/","title":{"rendered":"Precios"},"content":{"rendered":"<h1>Gestinmo: El precio PVP del programa registrado es de <strong>1.200 \u20ac<\/strong>, m\u00e1s IVA.<\/h1>\n<h1><a href=\"https:\/\/prayde.com\/empresa\/como-analizar-promocion-inmobiliaria\/\" target=\"_blank\" rel=\"noopener noreferrer\"><img loading=\"lazy\" decoding=\"async\" class=\"wp-image-666 size-thumbnail alignleft\" src=\"http:\/\/prayde.com\/empresa\/wp-content\/uploads\/2018\/10\/FPortadaCaja-1-150x150.jpg\" alt=\"\" width=\"150\" height=\"150\" \/><\/a><\/h1>\n<h2>El precio incluye: \u00a0\u00a0<\/h2>\n<ul>\n<li>Mantenimiento durante 12 meses.<\/li>\n<li>Programa Gestinmo y manual de uso.<\/li>\n<\/ul>\n<h2>\u00a0<\/h2>\n<h2>InmoSuelo: El precio PVP es de <strong>1.400 \u20ac<\/strong>, m\u00e1s IVA<\/h2>\n<p><a href=\"https:\/\/prayde.com\/empresa\/inmosuelo-desarrollo-urbanistico-suelo\/\" target=\"_blank\" rel=\"noopener noreferrer\"><img loading=\"lazy\" decoding=\"async\" class=\"wp-image-785 size-thumbnail alignleft\" src=\"http:\/\/prayde.com\/empresa\/wp-content\/uploads\/2018\/12\/SueloCaja-150x150.jpg\" alt=\"\" width=\"150\" height=\"150\" \/><\/a>El precio incluye:<\/p>\n<ul>\n<li>Programa InmoSuelo y manual de uso.<\/li>\n<li>Mantenimiento durante 12 meses<\/li>\n<\/ul>\n<h2>\u00a0<\/h2>\n<h2>M\u00f3dulos adicionales de Gestinmo<\/h2>\n<ul>\n<li><strong>InmoFase<\/strong>: e<span style=\"color: #000000;\">l precio PVP del programa registrado es<\/span> de <span style=\"color: #000000;\"><strong>400<\/strong> \u20ac, m\u00e1s IVA.<\/span><\/li>\n<li><span style=\"color: #000000;\"><strong>InmoSensi<\/strong>: el precio PVP del programa registrado es de <strong>370<\/strong> \u20ac, m\u00e1s IVA.<\/span><\/li>\n<\/ul>\n<h3>\u00a0<\/h3>\n<h3>Paquetes conjuntos<\/h3>\n<ul>\n<li>Gestinmo + InmoSuelo\u00a0\u00a0\u00a0 \u00a0 \u00a0 \u00a0 \u00a0 \u00a0 \u00a0 \u00a0 \u00a0 \u00a0 \u00a0 \u00a0 <strong>2.200<\/strong> \u20ac, m\u00e1s IVA\u00a0\u00a0\u00a0 (15% dto. aprox.)<\/li>\n<li><span style=\"color: #000000;\">Gestinmo + InmoFase\u00a0\u00a0\u00a0\u00a0\u00a0\u00a0\u00a0\u00a0\u00a0\u00a0\u00a0\u00a0\u00a0\u00a0\u00a0\u00a0\u00a0\u00a0\u00a0\u00a0 \u00a0 \u00a0\u00a0\u00a0\u00a0 <strong>1.400<\/strong> \u20ac, m\u00e1s IVA\u00a0\u00a0\u00a0 ( 12,5% dto. aprox.)<\/span><\/li>\n<li><span style=\"color: #000000;\">Gestinmo + InmoSensi \u00a0\u00a0 \u00a0 \u00a0 \u00a0 \u00a0 \u00a0 \u00a0 \u00a0 \u00a0 \u00a0 \u00a0 \u00a0\u00a0 <strong>1.325<\/strong> \u20ac, m\u00e1s IVA\u00a0\u00a0\u00a0\u00a0 (15% dto. aprox.)<\/span><\/li>\n<li><span style=\"color: #000000;\">Gestinmo + InmoFase + InmoSuelo\u00a0\u00a0\u00a0\u00a0\u00a0\u00a0 <strong>2.550<\/strong> \u20ac, m\u00e1s IVA\u00a0\u00a0\u00a0\u00a0 ( 15% dto. aprox.)<\/span><\/li>\n<li>Gestinmo + InmoFase + InmoSensi \u00a0 \u00a0\u00a0\u00a0\u00a0 <strong>1.650<\/strong> \u20ac, m\u00e1s IVA\u00a0\u00a0\u00a0\u00a0 ( 15% dto. aprox.)<br \/>\n<h2>\u00a0<\/h2>\n<\/li>\n<\/ul>\n<h4>MANTENIMIENTO ANUAL<\/h4>\n<p><strong>El mantenimiento de Gestinmo o InmoSuelo contempla:<\/strong><\/p>\n<ul>\n<li>Asistencia para resolver dudas o errores en la introducci\u00f3n de datos, incluso, v\u00eda correo electr\u00f3nico, an\u00e1lisis de un estudio del cliente.<\/li>\n<li>Env\u00edo de una actualizaci\u00f3n de , siempre que las circunstancias legales que influyen en el estudio cambien significativamente<\/li>\n<\/ul>\n<h2>C\u00f3mo adquirir nuestros programas<\/h2>\n<ul>\n<li><strong>Contacte con nosotros<\/strong> en \u00a0 \u00a0<a href=\"http:\/\/prayde.com\/empresa\/wp-content\/uploads\/2018\/12\/correu12.gif\"><img loading=\"lazy\" decoding=\"async\" class=\"alignnone size-full wp-image-812\" src=\"http:\/\/prayde.com\/empresa\/wp-content\/uploads\/2018\/12\/correu12.gif\" alt=\"\" width=\"55\" height=\"60\" \/><\/a> \u00a0 <a href=\"mailto:%20soporte@prayde.com\">\u00a0 soporte@prayde.com<\/a>.<\/li>\n<li><strong>Formas de pago<\/strong>: transferencia bancaria.<\/li>\n<li>Env\u00edo de <strong>copia de la transferencia bancaria<\/strong> al anterior email, junto con los datos de empresa, NIF, persona de contacto, tel\u00e9fono, email y direcci\u00f3n completa, necesarios para enviar el programa y la factura<\/li>\n<\/ul>\n\n\n<p><\/p>\n","protected":false},"excerpt":{"rendered":"<p>Gestinmo: El precio PVP del programa registrado es de 1.200 \u20ac, m\u00e1s IVA. El precio incluye: \u00a0\u00a0 Mantenimiento durante 12 meses. Programa Gestinmo y manual de uso. \u00a0 InmoSuelo: El\u2026 <a class=\"continue-reading-link\" href=\"https:\/\/prayde.com\/empresa\/precios\/\">Continue leyendo<\/a><\/p>\n","protected":false},"author":1,"featured_media":0,"parent":0,"menu_order":0,"comment_status":"closed","ping_status":"closed","template":"","meta":{"footnotes":""},"class_list":["post-38","page","type-page","status-publish","hentry"],"yoast_head":"<!-- This site is optimized with the Yoast SEO plugin v27.3 - https:\/\/yoast.com\/product\/yoast-seo-wordpress\/ -->\n<title>Precios - Gestinmo<\/title>\n<meta name=\"description\" content=\"Consulte los precios de nuestros programas de an\u00e1lisis de promociones inmobiliarias, como Gestinmo, InmoSuelo, InmoAlquiler y todos sus m\u00f3dulos adicionales.\" \/>\n<meta name=\"robots\" content=\"index, follow, max-snippet:-1, max-image-preview:large, max-video-preview:-1\" \/>\n<link rel=\"canonical\" href=\"https:\/\/prayde.com\/empresa\/precios\/\" \/>\n<meta property=\"og:locale\" content=\"es_ES\" \/>\n<meta property=\"og:type\" content=\"article\" \/>\n<meta property=\"og:title\" content=\"Precios - Gestinmo\" \/>\n<meta property=\"og:description\" content=\"Consulte los precios de nuestros programas de an\u00e1lisis de promociones inmobiliarias, como Gestinmo, InmoSuelo, InmoAlquiler y todos sus m\u00f3dulos adicionales.\" \/>\n<meta property=\"og:url\" content=\"https:\/\/prayde.com\/empresa\/precios\/\" \/>\n<meta property=\"og:site_name\" content=\"Gestinmo\" \/>\n<meta property=\"article:modified_time\" content=\"2024-02-29T09:24:10+00:00\" \/>\n<meta property=\"og:image\" content=\"http:\/\/prayde.com\/empresa\/wp-content\/uploads\/2018\/10\/FPortadaCaja-1-150x150.jpg\" \/>\n<meta name=\"twitter:card\" content=\"summary_large_image\" \/>\n<meta name=\"twitter:label1\" content=\"Tiempo de lectura\" \/>\n\t<meta name=\"twitter:data1\" content=\"2 minutos\" \/>\n<script type=\"application\/ld+json\" class=\"yoast-schema-graph\">{\"@context\":\"https:\\\/\\\/schema.org\",\"@graph\":[{\"@type\":\"WebPage\",\"@id\":\"https:\\\/\\\/prayde.com\\\/empresa\\\/precios\\\/\",\"url\":\"https:\\\/\\\/prayde.com\\\/empresa\\\/precios\\\/\",\"name\":\"Precios - Gestinmo\",\"isPartOf\":{\"@id\":\"https:\\\/\\\/prayde.com\\\/empresa\\\/#website\"},\"primaryImageOfPage\":{\"@id\":\"https:\\\/\\\/prayde.com\\\/empresa\\\/precios\\\/#primaryimage\"},\"image\":{\"@id\":\"https:\\\/\\\/prayde.com\\\/empresa\\\/precios\\\/#primaryimage\"},\"thumbnailUrl\":\"http:\\\/\\\/prayde.com\\\/empresa\\\/wp-content\\\/uploads\\\/2018\\\/10\\\/FPortadaCaja-1-150x150.jpg\",\"datePublished\":\"2015-08-21T10:36:13+00:00\",\"dateModified\":\"2024-02-29T09:24:10+00:00\",\"description\":\"Consulte los precios de nuestros programas de an\u00e1lisis de promociones inmobiliarias, como Gestinmo, InmoSuelo, InmoAlquiler y todos sus m\u00f3dulos adicionales.\",\"breadcrumb\":{\"@id\":\"https:\\\/\\\/prayde.com\\\/empresa\\\/precios\\\/#breadcrumb\"},\"inLanguage\":\"es\",\"potentialAction\":[{\"@type\":\"ReadAction\",\"target\":[\"https:\\\/\\\/prayde.com\\\/empresa\\\/precios\\\/\"]}]},{\"@type\":\"ImageObject\",\"inLanguage\":\"es\",\"@id\":\"https:\\\/\\\/prayde.com\\\/empresa\\\/precios\\\/#primaryimage\",\"url\":\"https:\\\/\\\/prayde.com\\\/empresa\\\/wp-content\\\/uploads\\\/2018\\\/10\\\/FPortadaCaja-1.jpg\",\"contentUrl\":\"https:\\\/\\\/prayde.com\\\/empresa\\\/wp-content\\\/uploads\\\/2018\\\/10\\\/FPortadaCaja-1.jpg\",\"width\":705,\"height\":880,\"caption\":\"Gestinmo software inmobiliario\"},{\"@type\":\"BreadcrumbList\",\"@id\":\"https:\\\/\\\/prayde.com\\\/empresa\\\/precios\\\/#breadcrumb\",\"itemListElement\":[{\"@type\":\"ListItem\",\"position\":1,\"name\":\"Portada\",\"item\":\"https:\\\/\\\/prayde.com\\\/empresa\\\/\"},{\"@type\":\"ListItem\",\"position\":2,\"name\":\"Precios\"}]},{\"@type\":\"WebSite\",\"@id\":\"https:\\\/\\\/prayde.com\\\/empresa\\\/#website\",\"url\":\"https:\\\/\\\/prayde.com\\\/empresa\\\/\",\"name\":\"Gestinmo\",\"description\":\"Analizar la Rentabilidad y Riesgos de una Promocion Inmobiliaria\",\"publisher\":{\"@id\":\"https:\\\/\\\/prayde.com\\\/empresa\\\/#organization\"},\"potentialAction\":[{\"@type\":\"SearchAction\",\"target\":{\"@type\":\"EntryPoint\",\"urlTemplate\":\"https:\\\/\\\/prayde.com\\\/empresa\\\/?s={search_term_string}\"},\"query-input\":{\"@type\":\"PropertyValueSpecification\",\"valueRequired\":true,\"valueName\":\"search_term_string\"}}],\"inLanguage\":\"es\"},{\"@type\":\"Organization\",\"@id\":\"https:\\\/\\\/prayde.com\\\/empresa\\\/#organization\",\"name\":\"Gestinmo\",\"url\":\"https:\\\/\\\/prayde.com\\\/empresa\\\/\",\"logo\":{\"@type\":\"ImageObject\",\"inLanguage\":\"es\",\"@id\":\"https:\\\/\\\/prayde.com\\\/empresa\\\/#\\\/schema\\\/logo\\\/image\\\/\",\"url\":\"https:\\\/\\\/prayde.com\\\/empresa\\\/wp-content\\\/uploads\\\/2018\\\/12\\\/cropped-cropped-Prayde-Pe.jpg\",\"contentUrl\":\"https:\\\/\\\/prayde.com\\\/empresa\\\/wp-content\\\/uploads\\\/2018\\\/12\\\/cropped-cropped-Prayde-Pe.jpg\",\"width\":512,\"height\":512,\"caption\":\"Gestinmo\"},\"image\":{\"@id\":\"https:\\\/\\\/prayde.com\\\/empresa\\\/#\\\/schema\\\/logo\\\/image\\\/\"}}]}<\/script>\n<!-- \/ Yoast SEO plugin. -->","yoast_head_json":{"title":"Precios - Gestinmo","description":"Consulte los precios de nuestros programas de an\u00e1lisis de promociones inmobiliarias, como Gestinmo, InmoSuelo, InmoAlquiler y todos sus m\u00f3dulos adicionales.","robots":{"index":"index","follow":"follow","max-snippet":"max-snippet:-1","max-image-preview":"max-image-preview:large","max-video-preview":"max-video-preview:-1"},"canonical":"https:\/\/prayde.com\/empresa\/precios\/","og_locale":"es_ES","og_type":"article","og_title":"Precios - Gestinmo","og_description":"Consulte los precios de nuestros programas de an\u00e1lisis de promociones inmobiliarias, como Gestinmo, InmoSuelo, InmoAlquiler y todos sus m\u00f3dulos adicionales.","og_url":"https:\/\/prayde.com\/empresa\/precios\/","og_site_name":"Gestinmo","article_modified_time":"2024-02-29T09:24:10+00:00","og_image":[{"url":"http:\/\/prayde.com\/empresa\/wp-content\/uploads\/2018\/10\/FPortadaCaja-1-150x150.jpg","type":"","width":"","height":""}],"twitter_card":"summary_large_image","twitter_misc":{"Tiempo de lectura":"2 minutos"},"schema":{"@context":"https:\/\/schema.org","@graph":[{"@type":"WebPage","@id":"https:\/\/prayde.com\/empresa\/precios\/","url":"https:\/\/prayde.com\/empresa\/precios\/","name":"Precios - Gestinmo","isPartOf":{"@id":"https:\/\/prayde.com\/empresa\/#website"},"primaryImageOfPage":{"@id":"https:\/\/prayde.com\/empresa\/precios\/#primaryimage"},"image":{"@id":"https:\/\/prayde.com\/empresa\/precios\/#primaryimage"},"thumbnailUrl":"http:\/\/prayde.com\/empresa\/wp-content\/uploads\/2018\/10\/FPortadaCaja-1-150x150.jpg","datePublished":"2015-08-21T10:36:13+00:00","dateModified":"2024-02-29T09:24:10+00:00","description":"Consulte los precios de nuestros programas de an\u00e1lisis de promociones inmobiliarias, como Gestinmo, InmoSuelo, InmoAlquiler y todos sus m\u00f3dulos adicionales.","breadcrumb":{"@id":"https:\/\/prayde.com\/empresa\/precios\/#breadcrumb"},"inLanguage":"es","potentialAction":[{"@type":"ReadAction","target":["https:\/\/prayde.com\/empresa\/precios\/"]}]},{"@type":"ImageObject","inLanguage":"es","@id":"https:\/\/prayde.com\/empresa\/precios\/#primaryimage","url":"https:\/\/prayde.com\/empresa\/wp-content\/uploads\/2018\/10\/FPortadaCaja-1.jpg","contentUrl":"https:\/\/prayde.com\/empresa\/wp-content\/uploads\/2018\/10\/FPortadaCaja-1.jpg","width":705,"height":880,"caption":"Gestinmo software inmobiliario"},{"@type":"BreadcrumbList","@id":"https:\/\/prayde.com\/empresa\/precios\/#breadcrumb","itemListElement":[{"@type":"ListItem","position":1,"name":"Portada","item":"https:\/\/prayde.com\/empresa\/"},{"@type":"ListItem","position":2,"name":"Precios"}]},{"@type":"WebSite","@id":"https:\/\/prayde.com\/empresa\/#website","url":"https:\/\/prayde.com\/empresa\/","name":"Gestinmo","description":"Analizar la Rentabilidad y Riesgos de una Promocion Inmobiliaria","publisher":{"@id":"https:\/\/prayde.com\/empresa\/#organization"},"potentialAction":[{"@type":"SearchAction","target":{"@type":"EntryPoint","urlTemplate":"https:\/\/prayde.com\/empresa\/?s={search_term_string}"},"query-input":{"@type":"PropertyValueSpecification","valueRequired":true,"valueName":"search_term_string"}}],"inLanguage":"es"},{"@type":"Organization","@id":"https:\/\/prayde.com\/empresa\/#organization","name":"Gestinmo","url":"https:\/\/prayde.com\/empresa\/","logo":{"@type":"ImageObject","inLanguage":"es","@id":"https:\/\/prayde.com\/empresa\/#\/schema\/logo\/image\/","url":"https:\/\/prayde.com\/empresa\/wp-content\/uploads\/2018\/12\/cropped-cropped-Prayde-Pe.jpg","contentUrl":"https:\/\/prayde.com\/empresa\/wp-content\/uploads\/2018\/12\/cropped-cropped-Prayde-Pe.jpg","width":512,"height":512,"caption":"Gestinmo"},"image":{"@id":"https:\/\/prayde.com\/empresa\/#\/schema\/logo\/image\/"}}]}},"_links":{"self":[{"href":"https:\/\/prayde.com\/empresa\/wp-json\/wp\/v2\/pages\/38","targetHints":{"allow":["GET"]}}],"collection":[{"href":"https:\/\/prayde.com\/empresa\/wp-json\/wp\/v2\/pages"}],"about":[{"href":"https:\/\/prayde.com\/empresa\/wp-json\/wp\/v2\/types\/page"}],"author":[{"embeddable":true,"href":"https:\/\/prayde.com\/empresa\/wp-json\/wp\/v2\/users\/1"}],"replies":[{"embeddable":true,"href":"https:\/\/prayde.com\/empresa\/wp-json\/wp\/v2\/comments?post=38"}],"version-history":[{"count":76,"href":"https:\/\/prayde.com\/empresa\/wp-json\/wp\/v2\/pages\/38\/revisions"}],"predecessor-version":[{"id":3049,"href":"https:\/\/prayde.com\/empresa\/wp-json\/wp\/v2\/pages\/38\/revisions\/3049"}],"wp:attachment":[{"href":"https:\/\/prayde.com\/empresa\/wp-json\/wp\/v2\/media?parent=38"}],"curies":[{"name":"wp","href":"https:\/\/api.w.org\/{rel}","templated":true}]}}