{"id":32,"date":"2015-08-21T10:12:54","date_gmt":"2015-08-21T10:12:54","guid":{"rendered":"http:\/\/prayde.com\/empresa\/empresa\/?page_id=32"},"modified":"2024-02-22T09:50:50","modified_gmt":"2024-02-22T09:50:50","slug":"quienes-somos","status":"publish","type":"page","link":"https:\/\/prayde.com\/empresa\/quienes-somos\/","title":{"rendered":"Qui\u00e9nes somos"},"content":{"rendered":"<h2><strong>Qui\u00e9nes somos<br \/>\n<\/strong><\/h2>\n<h3 style=\"text-align: left;\"><strong>Desde 1992 n<\/strong><b>os dedicamos al negocio inmobiliario, a la gesti\u00f3n de activos en alquiler y <\/b><strong>al<\/strong> software de viabilidad inmobiliaria.<\/h3>\n<p><a href=\"https:\/\/prayde.com\/empresa\/wp-content\/uploads\/2024\/02\/Juan-2024-b.jpg\"><img loading=\"lazy\" decoding=\"async\" class=\"wp-image-2986  alignnone\" src=\"https:\/\/prayde.com\/empresa\/wp-content\/uploads\/2024\/02\/Juan-2024-b-264x300.jpg\" alt=\"\" width=\"173\" height=\"196\" srcset=\"https:\/\/prayde.com\/empresa\/wp-content\/uploads\/2024\/02\/Juan-2024-b-264x300.jpg 264w, https:\/\/prayde.com\/empresa\/wp-content\/uploads\/2024\/02\/Juan-2024-b-132x150.jpg 132w, https:\/\/prayde.com\/empresa\/wp-content\/uploads\/2024\/02\/Juan-2024-b.jpg 514w\" sizes=\"auto, (max-width: 173px) 100vw, 173px\" \/><\/a><b><\/b><\/p>\n<p><b><a href=\"http:\/\/es.linkedin.com\/pub\/juan-fernandez-caparros\/1b\/b82\/b94\" target=\"_blank\" rel=\"noopener noreferrer\">Juan Fernandez Caparr\u00f3s<\/a><\/b>. Ingeniero de Caminos, Canales y Puertos.<\/p>\n<p>Director de Inversiones Urbanas Reunidas. 40 a\u00f1os de experiencia en los sectores \u00a0inform\u00e1tico, inmobiliario y en la Administraci\u00f3n General del Estado. Funcionario en excedencia.<\/p>\n<p>Experto Inmobiliario en la #RedAYUDA de Colegio de Ingenieros de Caminos, Canales y Puertos<\/p>\n<p><a href=\"https:\/\/prayde.com\/empresa\/wp-content\/uploads\/2018\/12\/Pe-Libro.jpg\"><img loading=\"lazy\" decoding=\"async\" class=\"wp-image-782 alignnone\" src=\"https:\/\/prayde.com\/empresa\/wp-content\/uploads\/2018\/12\/Pe-Libro.jpg\" alt=\"\" width=\"102\" height=\"150\" srcset=\"https:\/\/prayde.com\/empresa\/wp-content\/uploads\/2018\/12\/Pe-Libro.jpg 150w, https:\/\/prayde.com\/empresa\/wp-content\/uploads\/2018\/12\/Pe-Libro-102x150.jpg 102w\" sizes=\"auto, (max-width: 102px) 100vw, 102px\" \/><\/a><\/p>\n<p>Coautor del libro de referencia para el sector, \u201c<b>Manual de Gesti<\/b><b>\u00f3<\/b><b>n <\/b><b>Inmobiliaria<\/b>\u201d , 7\u00aa edici\u00f3n<\/p>\n<h4><\/h4>\n<h2><\/h2>\n<h2><\/h2>\n<h2>ACTIVIDAD EN LA RED<\/h2>\n<p>La Viabilidad de la Promocion Inmobiliaria <a href=\"https:\/\/prayde.com\/empresa\/busqueda-en-el-blog-viabilidad-de-la-promocion-inmobiliaria\/\">https:\/\/prayde.com\/empresa\/busqueda-en-el-blog-viabilidad-de-la-promocion-inmobiliaria\/<\/a><\/p>\n<p>Cuadernos del Promotor Inmobiliario en\u00a0 <a href=\"_wp_link_placeholder\" data-wplink-edit=\"true\">https:\/\/prayde.com\/empresa\/cuadernos-por-temas\/<\/a><\/p>\n<p>Software de An\u00e1lisis de Viabilidad de Promociones, <strong>Gestinmo<\/strong>, en <a href=\"https:\/\/prayde.com\/\"><strong>https:\/\/prayde.com<\/strong><\/a><\/p>\n<p>Y en nuestros canales de YouTube <a href=\"https:\/\/www.youtube.com\/playlist?list=PL2rXgOV0kih4ImgRs2ky77CTbkIblLX36\"><strong>https:\/\/www.youtube.com\/playlist?list=PL2rXgOV0kih4ImgRs2ky77CTbkIblLX36<\/strong><\/a><\/p>\n<p><strong>Spotify<\/strong>: <strong>Desmontando una promocion Inmobiliaria<\/strong><a href=\"https:\/\/open.spotify.com\/show\/70rqfcJ5QURpunFnSnAlyd\">\u00a0 https:\/\/open.spotify.com\/show\/70rqfcJ5QURpunFnSnAlyd<\/a><\/p>\n<h4><\/h4>\n<h3><strong><u>ACTIVIDAD DOCENTE<br \/>\n<\/u><\/strong><\/h3>\n<p>Desde 1996 han impartido <strong>diferentes cursos sobre el sector inmobiliario<\/strong>, tanto presenciales como e-learning, especialmente sobre aspectos de la viabilidad econ\u00f3mico financiera de promociones inmobiliarias, en diversos organismos y entidades, p\u00fablicas y privadas, y participado como profesores en diversos m\u00e1steres.<\/p>\n<ul>\n<li>Colegio de Ingenieros de Caminos, Canales y Puertos.<\/li>\n<li>Fundaci\u00f3n COAM del Colegio de Arquitectos de Madrid.<\/li>\n<li>Fundaci\u00f3n Fidas y Agrupaci\u00f3n de Arquitectos Analistas Inmobiliarios (Colegio Oficial de Arquitectos de Sevilla)<\/li>\n<li>Structuralia.<\/li>\n<li>Iniciativas Empresariales<\/li>\n<li>Universidad de Comillas.<\/li>\n<li>Escuela de Organizaci\u00f3n Industrial (EOI)<\/li>\n<li>ALBA Formaci\u00f3n.<\/li>\n<li>Prayde Gesti\u00f3n.<\/li>\n<\/ul>\n","protected":false},"excerpt":{"rendered":"<p>Qui\u00e9nes somos Desde 1992 nos dedicamos al negocio inmobiliario, a la gesti\u00f3n de activos en alquiler y al software de viabilidad inmobiliaria. Juan Fernandez Caparr\u00f3s. Ingeniero de Caminos, Canales y\u2026 <a class=\"continue-reading-link\" href=\"https:\/\/prayde.com\/empresa\/quienes-somos\/\">Continue leyendo<\/a><\/p>\n","protected":false},"author":1,"featured_media":0,"parent":0,"menu_order":0,"comment_status":"closed","ping_status":"closed","template":"","meta":{"footnotes":""},"class_list":["post-32","page","type-page","status-publish","hentry"],"yoast_head":"<!-- This site is optimized with the Yoast SEO plugin v27.5 - https:\/\/yoast.com\/product\/yoast-seo-wordpress\/ -->\n<title>Qui\u00e9nes somos - Gestinmo<\/title>\n<meta name=\"description\" content=\"Nos dedicamos desde 1992 al software de viabilidad inmobiliaria y a formaci\u00f3n y documentaci\u00f3n sobre los aspectos del negocio inmobiliario\" \/>\n<meta name=\"robots\" content=\"index, follow, max-snippet:-1, max-image-preview:large, max-video-preview:-1\" \/>\n<link rel=\"canonical\" href=\"https:\/\/prayde.com\/empresa\/quienes-somos\/\" \/>\n<meta property=\"og:locale\" content=\"es_ES\" \/>\n<meta property=\"og:type\" content=\"article\" \/>\n<meta property=\"og:title\" content=\"Qui\u00e9nes somos - Gestinmo\" \/>\n<meta property=\"og:description\" content=\"Nos dedicamos desde 1992 al software de viabilidad inmobiliaria y a formaci\u00f3n y documentaci\u00f3n sobre los aspectos del negocio inmobiliario\" \/>\n<meta property=\"og:url\" content=\"https:\/\/prayde.com\/empresa\/quienes-somos\/\" \/>\n<meta property=\"og:site_name\" content=\"Gestinmo\" \/>\n<meta property=\"article:modified_time\" content=\"2024-02-22T09:50:50+00:00\" \/>\n<meta property=\"og:image\" content=\"https:\/\/prayde.com\/empresa\/wp-content\/uploads\/2024\/02\/Juan-2024-b-264x300.jpg\" \/>\n<meta name=\"twitter:card\" content=\"summary_large_image\" \/>\n<meta name=\"twitter:label1\" content=\"Tiempo de lectura\" \/>\n\t<meta name=\"twitter:data1\" content=\"2 minutos\" \/>\n<script type=\"application\/ld+json\" class=\"yoast-schema-graph\">{\"@context\":\"https:\\\/\\\/schema.org\",\"@graph\":[{\"@type\":\"WebPage\",\"@id\":\"https:\\\/\\\/prayde.com\\\/empresa\\\/quienes-somos\\\/\",\"url\":\"https:\\\/\\\/prayde.com\\\/empresa\\\/quienes-somos\\\/\",\"name\":\"Qui\u00e9nes somos - Gestinmo\",\"isPartOf\":{\"@id\":\"https:\\\/\\\/prayde.com\\\/empresa\\\/#website\"},\"primaryImageOfPage\":{\"@id\":\"https:\\\/\\\/prayde.com\\\/empresa\\\/quienes-somos\\\/#primaryimage\"},\"image\":{\"@id\":\"https:\\\/\\\/prayde.com\\\/empresa\\\/quienes-somos\\\/#primaryimage\"},\"thumbnailUrl\":\"https:\\\/\\\/prayde.com\\\/empresa\\\/wp-content\\\/uploads\\\/2024\\\/02\\\/Juan-2024-b-264x300.jpg\",\"datePublished\":\"2015-08-21T10:12:54+00:00\",\"dateModified\":\"2024-02-22T09:50:50+00:00\",\"description\":\"Nos dedicamos desde 1992 al software de viabilidad inmobiliaria y a formaci\u00f3n y documentaci\u00f3n sobre los aspectos del negocio inmobiliario\",\"breadcrumb\":{\"@id\":\"https:\\\/\\\/prayde.com\\\/empresa\\\/quienes-somos\\\/#breadcrumb\"},\"inLanguage\":\"es\",\"potentialAction\":[{\"@type\":\"ReadAction\",\"target\":[\"https:\\\/\\\/prayde.com\\\/empresa\\\/quienes-somos\\\/\"]}]},{\"@type\":\"ImageObject\",\"inLanguage\":\"es\",\"@id\":\"https:\\\/\\\/prayde.com\\\/empresa\\\/quienes-somos\\\/#primaryimage\",\"url\":\"https:\\\/\\\/prayde.com\\\/empresa\\\/wp-content\\\/uploads\\\/2024\\\/02\\\/Juan-2024-b.jpg\",\"contentUrl\":\"https:\\\/\\\/prayde.com\\\/empresa\\\/wp-content\\\/uploads\\\/2024\\\/02\\\/Juan-2024-b.jpg\",\"width\":514,\"height\":583},{\"@type\":\"BreadcrumbList\",\"@id\":\"https:\\\/\\\/prayde.com\\\/empresa\\\/quienes-somos\\\/#breadcrumb\",\"itemListElement\":[{\"@type\":\"ListItem\",\"position\":1,\"name\":\"Portada\",\"item\":\"https:\\\/\\\/prayde.com\\\/empresa\\\/\"},{\"@type\":\"ListItem\",\"position\":2,\"name\":\"Qui\u00e9nes somos\"}]},{\"@type\":\"WebSite\",\"@id\":\"https:\\\/\\\/prayde.com\\\/empresa\\\/#website\",\"url\":\"https:\\\/\\\/prayde.com\\\/empresa\\\/\",\"name\":\"Gestinmo\",\"description\":\"Analizar la Rentabilidad y Riesgos de una Promocion Inmobiliaria\",\"publisher\":{\"@id\":\"https:\\\/\\\/prayde.com\\\/empresa\\\/#organization\"},\"potentialAction\":[{\"@type\":\"SearchAction\",\"target\":{\"@type\":\"EntryPoint\",\"urlTemplate\":\"https:\\\/\\\/prayde.com\\\/empresa\\\/?s={search_term_string}\"},\"query-input\":{\"@type\":\"PropertyValueSpecification\",\"valueRequired\":true,\"valueName\":\"search_term_string\"}}],\"inLanguage\":\"es\"},{\"@type\":\"Organization\",\"@id\":\"https:\\\/\\\/prayde.com\\\/empresa\\\/#organization\",\"name\":\"Gestinmo\",\"url\":\"https:\\\/\\\/prayde.com\\\/empresa\\\/\",\"logo\":{\"@type\":\"ImageObject\",\"inLanguage\":\"es\",\"@id\":\"https:\\\/\\\/prayde.com\\\/empresa\\\/#\\\/schema\\\/logo\\\/image\\\/\",\"url\":\"https:\\\/\\\/prayde.com\\\/empresa\\\/wp-content\\\/uploads\\\/2018\\\/12\\\/cropped-cropped-Prayde-Pe.jpg\",\"contentUrl\":\"https:\\\/\\\/prayde.com\\\/empresa\\\/wp-content\\\/uploads\\\/2018\\\/12\\\/cropped-cropped-Prayde-Pe.jpg\",\"width\":512,\"height\":512,\"caption\":\"Gestinmo\"},\"image\":{\"@id\":\"https:\\\/\\\/prayde.com\\\/empresa\\\/#\\\/schema\\\/logo\\\/image\\\/\"}}]}<\/script>\n<!-- \/ Yoast SEO plugin. -->","yoast_head_json":{"title":"Qui\u00e9nes somos - Gestinmo","description":"Nos dedicamos desde 1992 al software de viabilidad inmobiliaria y a formaci\u00f3n y documentaci\u00f3n sobre los aspectos del negocio inmobiliario","robots":{"index":"index","follow":"follow","max-snippet":"max-snippet:-1","max-image-preview":"max-image-preview:large","max-video-preview":"max-video-preview:-1"},"canonical":"https:\/\/prayde.com\/empresa\/quienes-somos\/","og_locale":"es_ES","og_type":"article","og_title":"Qui\u00e9nes somos - Gestinmo","og_description":"Nos dedicamos desde 1992 al software de viabilidad inmobiliaria y a formaci\u00f3n y documentaci\u00f3n sobre los aspectos del negocio inmobiliario","og_url":"https:\/\/prayde.com\/empresa\/quienes-somos\/","og_site_name":"Gestinmo","article_modified_time":"2024-02-22T09:50:50+00:00","og_image":[{"url":"https:\/\/prayde.com\/empresa\/wp-content\/uploads\/2024\/02\/Juan-2024-b-264x300.jpg","type":"","width":"","height":""}],"twitter_card":"summary_large_image","twitter_misc":{"Tiempo de lectura":"2 minutos"},"schema":{"@context":"https:\/\/schema.org","@graph":[{"@type":"WebPage","@id":"https:\/\/prayde.com\/empresa\/quienes-somos\/","url":"https:\/\/prayde.com\/empresa\/quienes-somos\/","name":"Qui\u00e9nes somos - Gestinmo","isPartOf":{"@id":"https:\/\/prayde.com\/empresa\/#website"},"primaryImageOfPage":{"@id":"https:\/\/prayde.com\/empresa\/quienes-somos\/#primaryimage"},"image":{"@id":"https:\/\/prayde.com\/empresa\/quienes-somos\/#primaryimage"},"thumbnailUrl":"https:\/\/prayde.com\/empresa\/wp-content\/uploads\/2024\/02\/Juan-2024-b-264x300.jpg","datePublished":"2015-08-21T10:12:54+00:00","dateModified":"2024-02-22T09:50:50+00:00","description":"Nos dedicamos desde 1992 al software de viabilidad inmobiliaria y a formaci\u00f3n y documentaci\u00f3n sobre los aspectos del negocio inmobiliario","breadcrumb":{"@id":"https:\/\/prayde.com\/empresa\/quienes-somos\/#breadcrumb"},"inLanguage":"es","potentialAction":[{"@type":"ReadAction","target":["https:\/\/prayde.com\/empresa\/quienes-somos\/"]}]},{"@type":"ImageObject","inLanguage":"es","@id":"https:\/\/prayde.com\/empresa\/quienes-somos\/#primaryimage","url":"https:\/\/prayde.com\/empresa\/wp-content\/uploads\/2024\/02\/Juan-2024-b.jpg","contentUrl":"https:\/\/prayde.com\/empresa\/wp-content\/uploads\/2024\/02\/Juan-2024-b.jpg","width":514,"height":583},{"@type":"BreadcrumbList","@id":"https:\/\/prayde.com\/empresa\/quienes-somos\/#breadcrumb","itemListElement":[{"@type":"ListItem","position":1,"name":"Portada","item":"https:\/\/prayde.com\/empresa\/"},{"@type":"ListItem","position":2,"name":"Qui\u00e9nes somos"}]},{"@type":"WebSite","@id":"https:\/\/prayde.com\/empresa\/#website","url":"https:\/\/prayde.com\/empresa\/","name":"Gestinmo","description":"Analizar la Rentabilidad y Riesgos de una Promocion Inmobiliaria","publisher":{"@id":"https:\/\/prayde.com\/empresa\/#organization"},"potentialAction":[{"@type":"SearchAction","target":{"@type":"EntryPoint","urlTemplate":"https:\/\/prayde.com\/empresa\/?s={search_term_string}"},"query-input":{"@type":"PropertyValueSpecification","valueRequired":true,"valueName":"search_term_string"}}],"inLanguage":"es"},{"@type":"Organization","@id":"https:\/\/prayde.com\/empresa\/#organization","name":"Gestinmo","url":"https:\/\/prayde.com\/empresa\/","logo":{"@type":"ImageObject","inLanguage":"es","@id":"https:\/\/prayde.com\/empresa\/#\/schema\/logo\/image\/","url":"https:\/\/prayde.com\/empresa\/wp-content\/uploads\/2018\/12\/cropped-cropped-Prayde-Pe.jpg","contentUrl":"https:\/\/prayde.com\/empresa\/wp-content\/uploads\/2018\/12\/cropped-cropped-Prayde-Pe.jpg","width":512,"height":512,"caption":"Gestinmo"},"image":{"@id":"https:\/\/prayde.com\/empresa\/#\/schema\/logo\/image\/"}}]}},"_links":{"self":[{"href":"https:\/\/prayde.com\/empresa\/wp-json\/wp\/v2\/pages\/32","targetHints":{"allow":["GET"]}}],"collection":[{"href":"https:\/\/prayde.com\/empresa\/wp-json\/wp\/v2\/pages"}],"about":[{"href":"https:\/\/prayde.com\/empresa\/wp-json\/wp\/v2\/types\/page"}],"author":[{"embeddable":true,"href":"https:\/\/prayde.com\/empresa\/wp-json\/wp\/v2\/users\/1"}],"replies":[{"embeddable":true,"href":"https:\/\/prayde.com\/empresa\/wp-json\/wp\/v2\/comments?post=32"}],"version-history":[{"count":37,"href":"https:\/\/prayde.com\/empresa\/wp-json\/wp\/v2\/pages\/32\/revisions"}],"predecessor-version":[{"id":2995,"href":"https:\/\/prayde.com\/empresa\/wp-json\/wp\/v2\/pages\/32\/revisions\/2995"}],"wp:attachment":[{"href":"https:\/\/prayde.com\/empresa\/wp-json\/wp\/v2\/media?parent=32"}],"curies":[{"name":"wp","href":"https:\/\/api.w.org\/{rel}","templated":true}]}}