{"id":2436,"date":"2023-02-08T10:06:36","date_gmt":"2023-02-08T10:06:36","guid":{"rendered":"https:\/\/prayde.com\/empresa\/?page_id=2436"},"modified":"2023-09-04T08:21:26","modified_gmt":"2023-09-04T08:21:26","slug":"podcast-el-promotor-inmobiliario","status":"publish","type":"page","link":"https:\/\/prayde.com\/empresa\/podcast-el-promotor-inmobiliario\/","title":{"rendered":"Podcast. Desmontando una Promoci\u00f3n inmobiliaria"},"content":{"rendered":"\n<h2 class=\"wp-block-heading\">Podcast. Desmontando una Promoci\u00f3n inmobiliaria. <\/h2>\n\n\n\n<p>Podcast. Desmontando una Promoci\u00f3n inmobiliaria. Qu\u00e9 hacer para llevarla a cabo. Revisamos todos los conceptos y tareas, que necesita un promotor para llevar a cabo una promoci\u00f3n inmobiliaria: Obligaciones, Coordinaci\u00f3n, Financiaci\u00f3n, Contratos, Costes, etc.<\/p>\n\n\n\n<figure class=\"wp-block-embed is-type-video is-provider-youtube wp-block-embed-youtube wp-embed-aspect-16-9 wp-has-aspect-ratio\"><div class=\"wp-block-embed__wrapper\">\n<div class=\"epyt-video-wrapper\"><iframe loading=\"lazy\"  id=\"_ytid_14442\"  width=\"780\" height=\"439\"  data-origwidth=\"780\" data-origheight=\"439\" src=\"https:\/\/www.youtube.com\/embed\/uGjNmLPY5DU?enablejsapi=1&#038;origin=https:\/\/prayde.com&#038;autoplay=0&#038;cc_load_policy=0&#038;cc_lang_pref=&#038;iv_load_policy=1&#038;loop=0&#038;rel=1&#038;fs=1&#038;playsinline=0&#038;autohide=2&#038;theme=light&#038;color=red&#038;controls=1&#038;disablekb=0&#038;\" class=\"__youtube_prefs__  epyt-is-override  no-lazyload\" title=\"Podcast. Desmontando una promoci\u00f3n Inmobiliaria\"  allow=\"fullscreen; accelerometer; autoplay; clipboard-write; encrypted-media; gyroscope; picture-in-picture; web-share\" referrerpolicy=\"strict-origin-when-cross-origin\" allowfullscreen data-no-lazy=\"1\" data-skipgform_ajax_framebjll=\"\"><\/iframe><\/div>\n<\/div><figcaption class=\"wp-element-caption\">Presentaci\u00f3n<\/figcaption><\/figure>\n\n\n\n<p>Descargue pinchando aqu\u00ed un listado de nuestras <a href=\"https:\/\/prayde.com\/Descargas\/Temporadas%20y%20Capitulos.pdf\">Temporadas y Cap\u00edtulos<\/a> en PDF<\/p>\n\n\n\n<h1 class=\"wp-block-heading\">Descargue pinchando aqu\u00ed un listado de nuestras <a href=\"https:\/\/prayde.com\/Descargas\/Temporadas%20y%20Capitulos.pdf\" target=\"_blank\" rel=\"noreferrer noopener\">Temporadas y Cap\u00edtulos<\/a> en PDF<\/h1>\n\n\n\n<p><\/p>\n\n\n\n<figure class=\"wp-block-embed is-type-rich is-provider-spotify wp-block-embed-spotify wp-embed-aspect-21-9 wp-has-aspect-ratio\"><div class=\"wp-block-embed__wrapper\">\n<iframe title=\"Spotify Embed: Desmontando una Promoci\u00f3n inmobiliaria\" style=\"border-radius: 12px\" width=\"100%\" height=\"152\" frameborder=\"0\" allowfullscreen allow=\"autoplay; clipboard-write; encrypted-media; fullscreen; picture-in-picture\" loading=\"lazy\" src=\"https:\/\/open.spotify.com\/embed\/show\/70rqfcJ5QURpunFnSnAlyd?utm_source=oembed\"><\/iframe>\n<\/div><\/figure>\n\n\n<div class=\"wp-block-image\">\n<figure class=\"alignleft size-large\"><a href=\"https:\/\/www.buzzsprout.com\/2129935\" target=\"_blank\" rel=\"noreferrer noopener\"><img loading=\"lazy\" decoding=\"async\" width=\"1024\" height=\"225\" src=\"https:\/\/prayde.com\/empresa\/wp-content\/uploads\/2021\/08\/cropped-Screenshot_20190616_194201-1024x225.jpg\" alt=\"\" class=\"wp-image-1224\" srcset=\"https:\/\/prayde.com\/empresa\/wp-content\/uploads\/2021\/08\/cropped-Screenshot_20190616_194201-1024x225.jpg 1024w, https:\/\/prayde.com\/empresa\/wp-content\/uploads\/2021\/08\/cropped-Screenshot_20190616_194201-300x66.jpg 300w, https:\/\/prayde.com\/empresa\/wp-content\/uploads\/2021\/08\/cropped-Screenshot_20190616_194201-768x169.jpg 768w, https:\/\/prayde.com\/empresa\/wp-content\/uploads\/2021\/08\/cropped-Screenshot_20190616_194201-430x94.jpg 430w, https:\/\/prayde.com\/empresa\/wp-content\/uploads\/2021\/08\/cropped-Screenshot_20190616_194201.jpg 1503w\" sizes=\"auto, (max-width: 1024px) 100vw, 1024px\" \/><\/a><figcaption class=\"wp-element-caption\">Pinche para ir al Podcast completo<\/figcaption><\/figure>\n<\/div>\n\n\n<p><\/p>\n\n\n\n<p><strong>Vea nuestro ultimo episodio. <\/strong><\/p>\n\n\n\n<p><\/p>\n\n\n\n<p>Pinchado en la imagen, <\/p>\n\n\n\n<p><\/p>\n\n\n\n<p>en el titulo del podcast  <\/p>\n\n\n\n<p>o en el icono de Spotify <\/p>\n\n\n\n<p>podr\u00e1 ir al Podcast completo<\/p>\n\n\n\n<p><\/p>\n\n\n\n<p><\/p>\n\n\n\n<h2 class=\"wp-block-heading\">M\u00e1s entradas sobre este tema<\/h2>\n\n\n\n<p>y otros relacionados con la actividad inmobiliaria y promotora en<\/p>\n\n\n\n<ul class=\"wp-block-list\">\n<li>La Viabilidad de la Promocion Inmobiliaria <a href=\"https:\/\/prayde.com\/empresa\/busqueda-en-el-blog-viabilidad-de-la-promocion-inmobiliaria\/\">https:\/\/prayde.com\/empresa\/busqueda-en-el-blog-viabilidad-de-la-promocion-inmobiliaria\/<\/a><\/li>\n\n\n\n<li>Cuadernos del Promotor Inmobiliario en <a href=\"https:\/\/prayde.com\/wordpress\/\"><strong>https:\/\/prayde.com\/wordpress\/<\/strong><\/a><\/li>\n\n\n\n<li>Software de An\u00e1lisis de Viabilidad de Promociones, <strong>Gestinmo<\/strong>, en <a href=\"https:\/\/prayde.com\/\"><strong>https:\/\/prayde.com<\/strong><\/a><\/li>\n\n\n\n<li>B\u00fascanos en Twitter &nbsp;<a href=\"https:\/\/www.youtube.com\/redirect?event=video_description&amp;redir_token=QUFFLUhqa00wa3NVcmk1NlFiZmpnMDNVLUZTRXFMTmR4Z3xBQ3Jtc0tuZmhUU3J5ZmZUc2x6YTFMbVZwRjVjTFNZTEZ6N0RLVTdBRk92TnpjSHZTbllMZVA3TnlfR2NGdnFLLXdYSmp4eUQ4V292dWRXdm9mc0xnLWRjcS1TcGxqQ0lSSmZxQ2dWNFUzQUlxbnNZUEhnUW1zYw&amp;q=https%3A%2F%2Ftwitter.com%2FPraydeG\" target=\"_blank\" rel=\"noreferrer noopener\">https:\/\/twitter.com\/PraydeG<\/a> <strong>@PraydeG<\/strong><\/li>\n\n\n\n<li><strong>Spotify: PODCAST Desmontando una Promoci\u00f3n Inmobiliaria<\/strong>: &nbsp;<a href=\"https:\/\/open.spotify.com\/show\/70rqfcJ5QURpunFnSnAlyd\">https:\/\/open.spotify.com\/show\/70rqfcJ5QURpunFnSnAlyd<\/a><\/li>\n<\/ul>\n\n\n\n<p>Y en nuestros canales de YouTube <a href=\"https:\/\/www.youtube.com\/playlist?list=PL2rXgOV0kih4ImgRs2ky77CTbkIblLX36\"><strong>https:\/\/www.youtube.com\/playlist?list=PL2rXgOV0kih4ImgRs2ky77CTbkIblLX36<\/strong><\/a><\/p>\n","protected":false},"excerpt":{"rendered":"<p>Podcast. Desmontando una Promoci\u00f3n inmobiliaria. Podcast. Desmontando una Promoci\u00f3n inmobiliaria. Qu\u00e9 hacer para llevarla a cabo. Revisamos todos los conceptos y tareas, que necesita un promotor para llevar a cabo\u2026 <a class=\"continue-reading-link\" href=\"https:\/\/prayde.com\/empresa\/podcast-el-promotor-inmobiliario\/\">Continue leyendo<\/a><\/p>\n","protected":false},"author":1,"featured_media":0,"parent":0,"menu_order":0,"comment_status":"closed","ping_status":"closed","template":"","meta":{"footnotes":""},"class_list":["post-2436","page","type-page","status-publish","hentry"],"yoast_head":"<!-- This site is optimized with the Yoast SEO plugin v27.5 - https:\/\/yoast.com\/product\/yoast-seo-wordpress\/ -->\n<title>Podcast. Desmontando una Promoci\u00f3n inmobiliaria - Gestinmo<\/title>\n<meta name=\"description\" content=\"Podcast. Desmontando una Promoci\u00f3n inmobiliaria. Qu\u00e9 hacer para llevarla a cabo Revisamos los conceptos que se necesitan para llevarla a cabo\" \/>\n<meta name=\"robots\" content=\"index, follow, max-snippet:-1, max-image-preview:large, max-video-preview:-1\" \/>\n<link rel=\"canonical\" href=\"https:\/\/prayde.com\/empresa\/podcast-el-promotor-inmobiliario\/\" \/>\n<meta property=\"og:locale\" content=\"es_ES\" \/>\n<meta property=\"og:type\" content=\"article\" \/>\n<meta property=\"og:title\" content=\"Podcast. Desmontando una Promoci\u00f3n inmobiliaria - Gestinmo\" \/>\n<meta property=\"og:description\" content=\"Podcast. Desmontando una Promoci\u00f3n inmobiliaria. Qu\u00e9 hacer para llevarla a cabo Revisamos los conceptos que se necesitan para llevarla a cabo\" \/>\n<meta property=\"og:url\" content=\"https:\/\/prayde.com\/empresa\/podcast-el-promotor-inmobiliario\/\" \/>\n<meta property=\"og:site_name\" content=\"Gestinmo\" \/>\n<meta property=\"article:modified_time\" content=\"2023-09-04T08:21:26+00:00\" \/>\n<meta property=\"og:image\" content=\"https:\/\/prayde.com\/empresa\/wp-content\/uploads\/2021\/08\/cropped-Screenshot_20190616_194201-1024x225.jpg\" \/>\n<meta name=\"twitter:card\" content=\"summary_large_image\" \/>\n<meta name=\"twitter:label1\" content=\"Tiempo de lectura\" \/>\n\t<meta name=\"twitter:data1\" content=\"1 minuto\" \/>\n<script type=\"application\/ld+json\" class=\"yoast-schema-graph\">{\"@context\":\"https:\\\/\\\/schema.org\",\"@graph\":[{\"@type\":\"WebPage\",\"@id\":\"https:\\\/\\\/prayde.com\\\/empresa\\\/podcast-el-promotor-inmobiliario\\\/\",\"url\":\"https:\\\/\\\/prayde.com\\\/empresa\\\/podcast-el-promotor-inmobiliario\\\/\",\"name\":\"Podcast. Desmontando una Promoci\u00f3n inmobiliaria - Gestinmo\",\"isPartOf\":{\"@id\":\"https:\\\/\\\/prayde.com\\\/empresa\\\/#website\"},\"primaryImageOfPage\":{\"@id\":\"https:\\\/\\\/prayde.com\\\/empresa\\\/podcast-el-promotor-inmobiliario\\\/#primaryimage\"},\"image\":{\"@id\":\"https:\\\/\\\/prayde.com\\\/empresa\\\/podcast-el-promotor-inmobiliario\\\/#primaryimage\"},\"thumbnailUrl\":\"https:\\\/\\\/prayde.com\\\/empresa\\\/wp-content\\\/uploads\\\/2021\\\/08\\\/cropped-Screenshot_20190616_194201-1024x225.jpg\",\"datePublished\":\"2023-02-08T10:06:36+00:00\",\"dateModified\":\"2023-09-04T08:21:26+00:00\",\"description\":\"Podcast. Desmontando una Promoci\u00f3n inmobiliaria. Qu\u00e9 hacer para llevarla a cabo Revisamos los conceptos que se necesitan para llevarla a cabo\",\"breadcrumb\":{\"@id\":\"https:\\\/\\\/prayde.com\\\/empresa\\\/podcast-el-promotor-inmobiliario\\\/#breadcrumb\"},\"inLanguage\":\"es\",\"potentialAction\":[{\"@type\":\"ReadAction\",\"target\":[\"https:\\\/\\\/prayde.com\\\/empresa\\\/podcast-el-promotor-inmobiliario\\\/\"]}]},{\"@type\":\"ImageObject\",\"inLanguage\":\"es\",\"@id\":\"https:\\\/\\\/prayde.com\\\/empresa\\\/podcast-el-promotor-inmobiliario\\\/#primaryimage\",\"url\":\"https:\\\/\\\/prayde.com\\\/empresa\\\/wp-content\\\/uploads\\\/2021\\\/08\\\/cropped-Screenshot_20190616_194201.jpg\",\"contentUrl\":\"https:\\\/\\\/prayde.com\\\/empresa\\\/wp-content\\\/uploads\\\/2021\\\/08\\\/cropped-Screenshot_20190616_194201.jpg\",\"width\":1503,\"height\":330},{\"@type\":\"BreadcrumbList\",\"@id\":\"https:\\\/\\\/prayde.com\\\/empresa\\\/podcast-el-promotor-inmobiliario\\\/#breadcrumb\",\"itemListElement\":[{\"@type\":\"ListItem\",\"position\":1,\"name\":\"Portada\",\"item\":\"https:\\\/\\\/prayde.com\\\/empresa\\\/\"},{\"@type\":\"ListItem\",\"position\":2,\"name\":\"Podcast. Desmontando una Promoci\u00f3n inmobiliaria\"}]},{\"@type\":\"WebSite\",\"@id\":\"https:\\\/\\\/prayde.com\\\/empresa\\\/#website\",\"url\":\"https:\\\/\\\/prayde.com\\\/empresa\\\/\",\"name\":\"Gestinmo\",\"description\":\"Analizar la Rentabilidad y Riesgos de una Promocion Inmobiliaria\",\"publisher\":{\"@id\":\"https:\\\/\\\/prayde.com\\\/empresa\\\/#organization\"},\"potentialAction\":[{\"@type\":\"SearchAction\",\"target\":{\"@type\":\"EntryPoint\",\"urlTemplate\":\"https:\\\/\\\/prayde.com\\\/empresa\\\/?s={search_term_string}\"},\"query-input\":{\"@type\":\"PropertyValueSpecification\",\"valueRequired\":true,\"valueName\":\"search_term_string\"}}],\"inLanguage\":\"es\"},{\"@type\":\"Organization\",\"@id\":\"https:\\\/\\\/prayde.com\\\/empresa\\\/#organization\",\"name\":\"Gestinmo\",\"url\":\"https:\\\/\\\/prayde.com\\\/empresa\\\/\",\"logo\":{\"@type\":\"ImageObject\",\"inLanguage\":\"es\",\"@id\":\"https:\\\/\\\/prayde.com\\\/empresa\\\/#\\\/schema\\\/logo\\\/image\\\/\",\"url\":\"https:\\\/\\\/prayde.com\\\/empresa\\\/wp-content\\\/uploads\\\/2018\\\/12\\\/cropped-cropped-Prayde-Pe.jpg\",\"contentUrl\":\"https:\\\/\\\/prayde.com\\\/empresa\\\/wp-content\\\/uploads\\\/2018\\\/12\\\/cropped-cropped-Prayde-Pe.jpg\",\"width\":512,\"height\":512,\"caption\":\"Gestinmo\"},\"image\":{\"@id\":\"https:\\\/\\\/prayde.com\\\/empresa\\\/#\\\/schema\\\/logo\\\/image\\\/\"}}]}<\/script>\n<!-- \/ Yoast SEO plugin. -->","yoast_head_json":{"title":"Podcast. Desmontando una Promoci\u00f3n inmobiliaria - Gestinmo","description":"Podcast. Desmontando una Promoci\u00f3n inmobiliaria. Qu\u00e9 hacer para llevarla a cabo Revisamos los conceptos que se necesitan para llevarla a cabo","robots":{"index":"index","follow":"follow","max-snippet":"max-snippet:-1","max-image-preview":"max-image-preview:large","max-video-preview":"max-video-preview:-1"},"canonical":"https:\/\/prayde.com\/empresa\/podcast-el-promotor-inmobiliario\/","og_locale":"es_ES","og_type":"article","og_title":"Podcast. Desmontando una Promoci\u00f3n inmobiliaria - Gestinmo","og_description":"Podcast. Desmontando una Promoci\u00f3n inmobiliaria. Qu\u00e9 hacer para llevarla a cabo Revisamos los conceptos que se necesitan para llevarla a cabo","og_url":"https:\/\/prayde.com\/empresa\/podcast-el-promotor-inmobiliario\/","og_site_name":"Gestinmo","article_modified_time":"2023-09-04T08:21:26+00:00","og_image":[{"url":"https:\/\/prayde.com\/empresa\/wp-content\/uploads\/2021\/08\/cropped-Screenshot_20190616_194201-1024x225.jpg","type":"","width":"","height":""}],"twitter_card":"summary_large_image","twitter_misc":{"Tiempo de lectura":"1 minuto"},"schema":{"@context":"https:\/\/schema.org","@graph":[{"@type":"WebPage","@id":"https:\/\/prayde.com\/empresa\/podcast-el-promotor-inmobiliario\/","url":"https:\/\/prayde.com\/empresa\/podcast-el-promotor-inmobiliario\/","name":"Podcast. Desmontando una Promoci\u00f3n inmobiliaria - Gestinmo","isPartOf":{"@id":"https:\/\/prayde.com\/empresa\/#website"},"primaryImageOfPage":{"@id":"https:\/\/prayde.com\/empresa\/podcast-el-promotor-inmobiliario\/#primaryimage"},"image":{"@id":"https:\/\/prayde.com\/empresa\/podcast-el-promotor-inmobiliario\/#primaryimage"},"thumbnailUrl":"https:\/\/prayde.com\/empresa\/wp-content\/uploads\/2021\/08\/cropped-Screenshot_20190616_194201-1024x225.jpg","datePublished":"2023-02-08T10:06:36+00:00","dateModified":"2023-09-04T08:21:26+00:00","description":"Podcast. Desmontando una Promoci\u00f3n inmobiliaria. Qu\u00e9 hacer para llevarla a cabo Revisamos los conceptos que se necesitan para llevarla a cabo","breadcrumb":{"@id":"https:\/\/prayde.com\/empresa\/podcast-el-promotor-inmobiliario\/#breadcrumb"},"inLanguage":"es","potentialAction":[{"@type":"ReadAction","target":["https:\/\/prayde.com\/empresa\/podcast-el-promotor-inmobiliario\/"]}]},{"@type":"ImageObject","inLanguage":"es","@id":"https:\/\/prayde.com\/empresa\/podcast-el-promotor-inmobiliario\/#primaryimage","url":"https:\/\/prayde.com\/empresa\/wp-content\/uploads\/2021\/08\/cropped-Screenshot_20190616_194201.jpg","contentUrl":"https:\/\/prayde.com\/empresa\/wp-content\/uploads\/2021\/08\/cropped-Screenshot_20190616_194201.jpg","width":1503,"height":330},{"@type":"BreadcrumbList","@id":"https:\/\/prayde.com\/empresa\/podcast-el-promotor-inmobiliario\/#breadcrumb","itemListElement":[{"@type":"ListItem","position":1,"name":"Portada","item":"https:\/\/prayde.com\/empresa\/"},{"@type":"ListItem","position":2,"name":"Podcast. Desmontando una Promoci\u00f3n inmobiliaria"}]},{"@type":"WebSite","@id":"https:\/\/prayde.com\/empresa\/#website","url":"https:\/\/prayde.com\/empresa\/","name":"Gestinmo","description":"Analizar la Rentabilidad y Riesgos de una Promocion Inmobiliaria","publisher":{"@id":"https:\/\/prayde.com\/empresa\/#organization"},"potentialAction":[{"@type":"SearchAction","target":{"@type":"EntryPoint","urlTemplate":"https:\/\/prayde.com\/empresa\/?s={search_term_string}"},"query-input":{"@type":"PropertyValueSpecification","valueRequired":true,"valueName":"search_term_string"}}],"inLanguage":"es"},{"@type":"Organization","@id":"https:\/\/prayde.com\/empresa\/#organization","name":"Gestinmo","url":"https:\/\/prayde.com\/empresa\/","logo":{"@type":"ImageObject","inLanguage":"es","@id":"https:\/\/prayde.com\/empresa\/#\/schema\/logo\/image\/","url":"https:\/\/prayde.com\/empresa\/wp-content\/uploads\/2018\/12\/cropped-cropped-Prayde-Pe.jpg","contentUrl":"https:\/\/prayde.com\/empresa\/wp-content\/uploads\/2018\/12\/cropped-cropped-Prayde-Pe.jpg","width":512,"height":512,"caption":"Gestinmo"},"image":{"@id":"https:\/\/prayde.com\/empresa\/#\/schema\/logo\/image\/"}}]}},"_links":{"self":[{"href":"https:\/\/prayde.com\/empresa\/wp-json\/wp\/v2\/pages\/2436","targetHints":{"allow":["GET"]}}],"collection":[{"href":"https:\/\/prayde.com\/empresa\/wp-json\/wp\/v2\/pages"}],"about":[{"href":"https:\/\/prayde.com\/empresa\/wp-json\/wp\/v2\/types\/page"}],"author":[{"embeddable":true,"href":"https:\/\/prayde.com\/empresa\/wp-json\/wp\/v2\/users\/1"}],"replies":[{"embeddable":true,"href":"https:\/\/prayde.com\/empresa\/wp-json\/wp\/v2\/comments?post=2436"}],"version-history":[{"count":30,"href":"https:\/\/prayde.com\/empresa\/wp-json\/wp\/v2\/pages\/2436\/revisions"}],"predecessor-version":[{"id":2579,"href":"https:\/\/prayde.com\/empresa\/wp-json\/wp\/v2\/pages\/2436\/revisions\/2579"}],"wp:attachment":[{"href":"https:\/\/prayde.com\/empresa\/wp-json\/wp\/v2\/media?parent=2436"}],"curies":[{"name":"wp","href":"https:\/\/api.w.org\/{rel}","templated":true}]}}