{"id":200,"date":"2015-09-27T09:36:33","date_gmt":"2015-09-27T09:36:33","guid":{"rendered":"http:\/\/prayde.com\/empresa\/?page_id=200"},"modified":"2020-12-24T17:10:05","modified_gmt":"2020-12-24T17:10:05","slug":"tutorial-de-programas","status":"publish","type":"page","link":"https:\/\/prayde.com\/empresa\/tutorial-de-programas\/","title":{"rendered":"Tutoriales de InmoFase, InmoSensi y de InmoExterior"},"content":{"rendered":"<p>En esta p\u00e1gina de muestran una serie de videos explicativos sobre el manejo y las funcionalidades de de InmoFase,\u00a0 InmoSensi y de Inmoexterior, que aclarar\u00e1n todas sus dudas sobre su funcionamiento<\/p>\n<h2>C\u00f3mo calcular una promoci\u00f3n inmobiliaria compleja con InmoFase<\/h2>\n<h2>An\u00e1lisis de sensibilidad con InmoSensi<\/h2>\n<h2>Promociones fuera de Espa\u00f1a con InmoExterior<\/h2>\n<p>Otros tutoriales muestran c\u00f3mo funcionan Gestinmo InmoSuelo y otros programas:\u00a0 <a href=\"http:\/\/prayde.com\/empresa\/tutorial-de-gestinmo\/\">Tutorial de Gestinmo<\/a>,\u00a0\u00a0 <a href=\"http:\/\/prayde.com\/empresa\/tutorial-de-inmosuelo\/\">Tutorial de InmoSuelo<\/a>, etc.<\/p>\n<div class=\"epyt-gallery\" data-currpage=\"1\" id=\"epyt_gallery_52800\"><div class=\"epyt-video-wrapper\"><iframe loading=\"lazy\"  id=\"_ytid_78799\"  width=\"780\" height=\"439\"  data-origwidth=\"780\" data-origheight=\"439\" src=\"https:\/\/www.youtube.com\/embed\/t37BKnO1ANk?enablejsapi=1&origin=https:\/\/prayde.com&autoplay=0&cc_load_policy=0&cc_lang_pref=&iv_load_policy=1&loop=0&rel=1&fs=1&playsinline=0&autohide=2&theme=light&color=red&controls=1&disablekb=0&\" class=\"__youtube_prefs__  no-lazyload\" title=\"Tutorial de InmoFase e InmoSensi. Calcular una promocion inmobiliaria\"  data-epytgalleryid=\"epyt_gallery_52800\"  allow=\"fullscreen; accelerometer; autoplay; clipboard-write; encrypted-media; gyroscope; picture-in-picture; web-share\" referrerpolicy=\"strict-origin-when-cross-origin\" allowfullscreen data-no-lazy=\"1\" data-skipgform_ajax_framebjll=\"\"><\/iframe><\/div><div class=\"epyt-gallery-subscribe\"><a target=\"_blank\" class=\"epyt-gallery-subbutton\" href=\"https:\/\/www.youtube.com\/channel\/UC5R6wMuxUGFo3h6pwWAwVTg?sub_confirmation=1\"><img decoding=\"async\" alt=\"subscribe\" src=\"https:\/\/prayde.com\/empresa\/wp-content\/plugins\/youtube-embed-plus\/images\/play-subscribe.png\" \/>Subscribase al Canal de Gestinmo<\/a><\/div><div class=\"epyt-gallery-list\"><div class=\"epyt-pagination \"><div tabindex=\"0\" role=\"button\" class=\"epyt-pagebutton epyt-prev  hide \" data-playlistid=\"PL2rXgOV0kih45o8kseGsBhRbtl5aoBSAv\" data-pagesize=\"36\" data-pagetoken=\"\" data-epcolumns=\"4\" data-showtitle=\"1\" data-showpaging=\"1\" data-autonext=\"0\" data-thumbplay=\"0\"><div class=\"epyt-arrow\">&laquo;<\/div> <div>Prev<\/div><\/div><div class=\"epyt-pagenumbers hide\"><div class=\"epyt-current\">1<\/div><div class=\"epyt-pageseparator\"> \/ <\/div><div class=\"epyt-totalpages\">1<\/div><\/div><div tabindex=\"0\" role=\"button\" class=\"epyt-pagebutton epyt-next hide \" data-playlistid=\"PL2rXgOV0kih45o8kseGsBhRbtl5aoBSAv\" data-pagesize=\"36\" data-pagetoken=\"\" data-epcolumns=\"4\" data-showtitle=\"1\" data-showpaging=\"1\" data-autonext=\"0\" data-thumbplay=\"0\"><div>Next<\/div> <div class=\"epyt-arrow\">&raquo;<\/div><\/div><div class=\"epyt-loader\"><img loading=\"lazy\" decoding=\"async\" alt=\"loading\" width=\"16\" height=\"11\" src=\"https:\/\/prayde.com\/empresa\/wp-content\/plugins\/youtube-embed-plus\/images\/gallery-page-loader.gif\"><\/div><\/div><div class=\"epyt-gallery-allthumbs  epyt-cols-4 \"><div tabindex=\"0\" role=\"button\" data-videoid=\"t37BKnO1ANk\" class=\"epyt-gallery-thumb\"><div class=\"epyt-gallery-img-box\"><div class=\"epyt-gallery-img\" style=\"background-image: url(https:\/\/i.ytimg.com\/vi\/t37BKnO1ANk\/hqdefault.jpg)\"><div class=\"epyt-gallery-playhover\"><img loading=\"lazy\" decoding=\"async\" alt=\"play\" class=\"epyt-play-img\" width=\"30\" height=\"23\" src=\"https:\/\/prayde.com\/empresa\/wp-content\/plugins\/youtube-embed-plus\/images\/playhover.png\" data-no-lazy=\"1\" data-skipgform_ajax_framebjll=\"\" \/><div class=\"epyt-gallery-playcrutch\"><\/div><\/div><\/div><\/div><div class=\"epyt-gallery-title\">FA-01 InmoFase Como fasear una promocion inmobiliaria compleja<\/div><\/div><div tabindex=\"0\" role=\"button\" data-videoid=\"bpDRkT-GJWA\" class=\"epyt-gallery-thumb\"><div class=\"epyt-gallery-img-box\"><div class=\"epyt-gallery-img\" style=\"background-image: url(https:\/\/i.ytimg.com\/vi\/bpDRkT-GJWA\/hqdefault.jpg)\"><div class=\"epyt-gallery-playhover\"><img loading=\"lazy\" decoding=\"async\" alt=\"play\" class=\"epyt-play-img\" width=\"30\" height=\"23\" src=\"https:\/\/prayde.com\/empresa\/wp-content\/plugins\/youtube-embed-plus\/images\/playhover.png\" data-no-lazy=\"1\" data-skipgform_ajax_framebjll=\"\" \/><div class=\"epyt-gallery-playcrutch\"><\/div><\/div><\/div><\/div><div class=\"epyt-gallery-title\">FA-02 InmoFase. Datos de toda la promocion y de la Fase 1<\/div><\/div><div tabindex=\"0\" role=\"button\" data-videoid=\"d5JAgnxHwAU\" class=\"epyt-gallery-thumb\"><div class=\"epyt-gallery-img-box\"><div class=\"epyt-gallery-img\" style=\"background-image: url(https:\/\/i.ytimg.com\/vi\/d5JAgnxHwAU\/hqdefault.jpg)\"><div class=\"epyt-gallery-playhover\"><img loading=\"lazy\" decoding=\"async\" alt=\"play\" class=\"epyt-play-img\" width=\"30\" height=\"23\" src=\"https:\/\/prayde.com\/empresa\/wp-content\/plugins\/youtube-embed-plus\/images\/playhover.png\" data-no-lazy=\"1\" data-skipgform_ajax_framebjll=\"\" \/><div class=\"epyt-gallery-playcrutch\"><\/div><\/div><\/div><\/div><div class=\"epyt-gallery-title\">FA-03 InmoFase. Datos del resto de fases de la promocion<\/div><\/div><div tabindex=\"0\" role=\"button\" data-videoid=\"2VgNPVOnWIo\" class=\"epyt-gallery-thumb\"><div class=\"epyt-gallery-img-box\"><div class=\"epyt-gallery-img\" style=\"background-image: url(https:\/\/i.ytimg.com\/vi\/2VgNPVOnWIo\/hqdefault.jpg)\"><div class=\"epyt-gallery-playhover\"><img loading=\"lazy\" decoding=\"async\" alt=\"play\" class=\"epyt-play-img\" width=\"30\" height=\"23\" src=\"https:\/\/prayde.com\/empresa\/wp-content\/plugins\/youtube-embed-plus\/images\/playhover.png\" data-no-lazy=\"1\" data-skipgform_ajax_framebjll=\"\" \/><div class=\"epyt-gallery-playcrutch\"><\/div><\/div><\/div><\/div><div class=\"epyt-gallery-title\">FA-04  InmoFase Generar la Tesoreria del Conjunto de la promocion<\/div><\/div><div class=\"epyt-gallery-rowbreak\"><\/div><div tabindex=\"0\" role=\"button\" data-videoid=\"Q_POiLCACCk\" class=\"epyt-gallery-thumb\"><div class=\"epyt-gallery-img-box\"><div class=\"epyt-gallery-img\" style=\"background-image: url(https:\/\/i.ytimg.com\/vi\/Q_POiLCACCk\/hqdefault.jpg)\"><div class=\"epyt-gallery-playhover\"><img loading=\"lazy\" decoding=\"async\" alt=\"play\" class=\"epyt-play-img\" width=\"30\" height=\"23\" src=\"https:\/\/prayde.com\/empresa\/wp-content\/plugins\/youtube-embed-plus\/images\/playhover.png\" data-no-lazy=\"1\" data-skipgform_ajax_framebjll=\"\" \/><div class=\"epyt-gallery-playcrutch\"><\/div><\/div><\/div><\/div><div class=\"epyt-gallery-title\">FA-05 Promociones creadas a partir de un desarrollo urbanistico de Suelo, con InmoSuelo<\/div><\/div><div tabindex=\"0\" role=\"button\" data-videoid=\"yygDIpm6P2E\" class=\"epyt-gallery-thumb\"><div class=\"epyt-gallery-img-box\"><div class=\"epyt-gallery-img\" style=\"background-image: url(https:\/\/i.ytimg.com\/vi\/yygDIpm6P2E\/hqdefault.jpg)\"><div class=\"epyt-gallery-playhover\"><img loading=\"lazy\" decoding=\"async\" alt=\"play\" class=\"epyt-play-img\" width=\"30\" height=\"23\" src=\"https:\/\/prayde.com\/empresa\/wp-content\/plugins\/youtube-embed-plus\/images\/playhover.png\" data-no-lazy=\"1\" data-skipgform_ajax_framebjll=\"\" \/><div class=\"epyt-gallery-playcrutch\"><\/div><\/div><\/div><\/div><div class=\"epyt-gallery-title\">SE-01 Analisis de Sensibilidad con Gestinmo<\/div><\/div><div tabindex=\"0\" role=\"button\" data-videoid=\"r_iM3fIV0T0\" class=\"epyt-gallery-thumb\"><div class=\"epyt-gallery-img-box\"><div class=\"epyt-gallery-img\" style=\"background-image: url(https:\/\/i.ytimg.com\/vi\/r_iM3fIV0T0\/hqdefault.jpg)\"><div class=\"epyt-gallery-playhover\"><img loading=\"lazy\" decoding=\"async\" alt=\"play\" class=\"epyt-play-img\" width=\"30\" height=\"23\" src=\"https:\/\/prayde.com\/empresa\/wp-content\/plugins\/youtube-embed-plus\/images\/playhover.png\" data-no-lazy=\"1\" data-skipgform_ajax_framebjll=\"\" \/><div class=\"epyt-gallery-playcrutch\"><\/div><\/div><\/div><\/div><div class=\"epyt-gallery-title\">SE-02 Datos y Variables Estrategicas en un Analisis de Sensibilidad. Tutorial<\/div><\/div><div tabindex=\"0\" role=\"button\" data-videoid=\"N5z0cnXo4Q4\" class=\"epyt-gallery-thumb\"><div class=\"epyt-gallery-img-box\"><div class=\"epyt-gallery-img\" style=\"background-image: url(https:\/\/i.ytimg.com\/vi\/N5z0cnXo4Q4\/hqdefault.jpg)\"><div class=\"epyt-gallery-playhover\"><img loading=\"lazy\" decoding=\"async\" alt=\"play\" class=\"epyt-play-img\" width=\"30\" height=\"23\" src=\"https:\/\/prayde.com\/empresa\/wp-content\/plugins\/youtube-embed-plus\/images\/playhover.png\" data-no-lazy=\"1\" data-skipgform_ajax_framebjll=\"\" \/><div class=\"epyt-gallery-playcrutch\"><\/div><\/div><\/div><\/div><div class=\"epyt-gallery-title\">SE-03 Analisis de Escenarios de Sensibilidad Inmobiliaria. Tutorial<\/div><\/div><div class=\"epyt-gallery-rowbreak\"><\/div><div tabindex=\"0\" role=\"button\" data-videoid=\"JD4VDT38ehk\" class=\"epyt-gallery-thumb\"><div class=\"epyt-gallery-img-box\"><div class=\"epyt-gallery-img\" style=\"background-image: url(https:\/\/i.ytimg.com\/vi\/JD4VDT38ehk\/hqdefault.jpg)\"><div class=\"epyt-gallery-playhover\"><img loading=\"lazy\" decoding=\"async\" alt=\"play\" class=\"epyt-play-img\" width=\"30\" height=\"23\" src=\"https:\/\/prayde.com\/empresa\/wp-content\/plugins\/youtube-embed-plus\/images\/playhover.png\" data-no-lazy=\"1\" data-skipgform_ajax_framebjll=\"\" \/><div class=\"epyt-gallery-playcrutch\"><\/div><\/div><\/div><\/div><div class=\"epyt-gallery-title\">IE-01 Como utilizar InmoExterior<\/div><\/div><div tabindex=\"0\" role=\"button\" data-videoid=\"oqmu6D0lGJg\" class=\"epyt-gallery-thumb\"><div class=\"epyt-gallery-img-box\"><div class=\"epyt-gallery-img\" style=\"background-image: url(https:\/\/i.ytimg.com\/vi\/oqmu6D0lGJg\/hqdefault.jpg)\"><div class=\"epyt-gallery-playhover\"><img loading=\"lazy\" decoding=\"async\" alt=\"play\" class=\"epyt-play-img\" width=\"30\" height=\"23\" src=\"https:\/\/prayde.com\/empresa\/wp-content\/plugins\/youtube-embed-plus\/images\/playhover.png\" data-no-lazy=\"1\" data-skipgform_ajax_framebjll=\"\" \/><div class=\"epyt-gallery-playcrutch\"><\/div><\/div><\/div><\/div><div class=\"epyt-gallery-title\">IE-02 Gestinmo Analizar un estudio fuera de Espa\u00f1a. InmoExterior<\/div><\/div><div class=\"epyt-gallery-clear\"><\/div><\/div><div class=\"epyt-pagination \"><div tabindex=\"0\" role=\"button\" class=\"epyt-pagebutton epyt-prev  hide \" data-playlistid=\"PL2rXgOV0kih45o8kseGsBhRbtl5aoBSAv\" data-pagesize=\"36\" data-pagetoken=\"\" data-epcolumns=\"4\" data-showtitle=\"1\" data-showpaging=\"1\" data-autonext=\"0\" data-thumbplay=\"0\"><div class=\"epyt-arrow\">&laquo;<\/div> <div>Prev<\/div><\/div><div class=\"epyt-pagenumbers hide\"><div class=\"epyt-current\">1<\/div><div class=\"epyt-pageseparator\"> \/ <\/div><div class=\"epyt-totalpages\">1<\/div><\/div><div tabindex=\"0\" role=\"button\" class=\"epyt-pagebutton epyt-next hide \" data-playlistid=\"PL2rXgOV0kih45o8kseGsBhRbtl5aoBSAv\" data-pagesize=\"36\" data-pagetoken=\"\" data-epcolumns=\"4\" data-showtitle=\"1\" data-showpaging=\"1\" data-autonext=\"0\" data-thumbplay=\"0\"><div>Next<\/div> <div class=\"epyt-arrow\">&raquo;<\/div><\/div><div class=\"epyt-loader\"><img loading=\"lazy\" decoding=\"async\" alt=\"loading\" width=\"16\" height=\"11\" src=\"https:\/\/prayde.com\/empresa\/wp-content\/plugins\/youtube-embed-plus\/images\/gallery-page-loader.gif\"><\/div><\/div><\/div><\/div>\n","protected":false},"excerpt":{"rendered":"<p>En esta p\u00e1gina de muestran una serie de videos explicativos sobre el manejo y las funcionalidades de de InmoFase,\u00a0 InmoSensi y de Inmoexterior, que aclarar\u00e1n todas sus dudas sobre su\u2026 <a class=\"continue-reading-link\" href=\"https:\/\/prayde.com\/empresa\/tutorial-de-programas\/\">Continue leyendo<\/a><\/p>\n","protected":false},"author":1,"featured_media":0,"parent":0,"menu_order":0,"comment_status":"closed","ping_status":"closed","template":"","meta":{"footnotes":""},"class_list":["post-200","page","type-page","status-publish","hentry"],"yoast_head":"<!-- This site is optimized with the Yoast SEO plugin v27.4 - https:\/\/yoast.com\/product\/yoast-seo-wordpress\/ -->\n<title>Tutoriales de InmoFase, InmoSensi y de InmoExterior - Gestinmo<\/title>\n<meta name=\"description\" content=\"Estos tutoriales en v\u00eddeo le mostrar\u00e1n c\u00f3mo funcionan las aplicaciones de InmoFase e InmoSensi para que pueda llevar a cabo sus propios an\u00e1lisis de viabilidad.\" \/>\n<meta name=\"robots\" content=\"index, follow, max-snippet:-1, max-image-preview:large, max-video-preview:-1\" \/>\n<link rel=\"canonical\" href=\"https:\/\/prayde.com\/empresa\/tutorial-de-programas\/\" \/>\n<meta property=\"og:locale\" content=\"es_ES\" \/>\n<meta property=\"og:type\" content=\"article\" \/>\n<meta property=\"og:title\" content=\"Tutoriales de InmoFase, InmoSensi y de InmoExterior - Gestinmo\" \/>\n<meta property=\"og:description\" content=\"Estos tutoriales en v\u00eddeo le mostrar\u00e1n c\u00f3mo funcionan las aplicaciones de InmoFase e InmoSensi para que pueda llevar a cabo sus propios an\u00e1lisis de viabilidad.\" \/>\n<meta property=\"og:url\" content=\"https:\/\/prayde.com\/empresa\/tutorial-de-programas\/\" \/>\n<meta property=\"og:site_name\" content=\"Gestinmo\" \/>\n<meta property=\"article:modified_time\" content=\"2020-12-24T17:10:05+00:00\" \/>\n<meta name=\"twitter:card\" content=\"summary_large_image\" \/>\n<script type=\"application\/ld+json\" class=\"yoast-schema-graph\">{\"@context\":\"https:\\\/\\\/schema.org\",\"@graph\":[{\"@type\":\"WebPage\",\"@id\":\"https:\\\/\\\/prayde.com\\\/empresa\\\/tutorial-de-programas\\\/\",\"url\":\"https:\\\/\\\/prayde.com\\\/empresa\\\/tutorial-de-programas\\\/\",\"name\":\"Tutoriales de InmoFase, InmoSensi y de InmoExterior - Gestinmo\",\"isPartOf\":{\"@id\":\"https:\\\/\\\/prayde.com\\\/empresa\\\/#website\"},\"datePublished\":\"2015-09-27T09:36:33+00:00\",\"dateModified\":\"2020-12-24T17:10:05+00:00\",\"description\":\"Estos tutoriales en v\u00eddeo le mostrar\u00e1n c\u00f3mo funcionan las aplicaciones de InmoFase e InmoSensi para que pueda llevar a cabo sus propios an\u00e1lisis de viabilidad.\",\"breadcrumb\":{\"@id\":\"https:\\\/\\\/prayde.com\\\/empresa\\\/tutorial-de-programas\\\/#breadcrumb\"},\"inLanguage\":\"es\",\"potentialAction\":[{\"@type\":\"ReadAction\",\"target\":[\"https:\\\/\\\/prayde.com\\\/empresa\\\/tutorial-de-programas\\\/\"]}]},{\"@type\":\"BreadcrumbList\",\"@id\":\"https:\\\/\\\/prayde.com\\\/empresa\\\/tutorial-de-programas\\\/#breadcrumb\",\"itemListElement\":[{\"@type\":\"ListItem\",\"position\":1,\"name\":\"Portada\",\"item\":\"https:\\\/\\\/prayde.com\\\/empresa\\\/\"},{\"@type\":\"ListItem\",\"position\":2,\"name\":\"Tutoriales de InmoFase, InmoSensi y de InmoExterior\"}]},{\"@type\":\"WebSite\",\"@id\":\"https:\\\/\\\/prayde.com\\\/empresa\\\/#website\",\"url\":\"https:\\\/\\\/prayde.com\\\/empresa\\\/\",\"name\":\"Gestinmo\",\"description\":\"Analizar la Rentabilidad y Riesgos de una Promocion Inmobiliaria\",\"publisher\":{\"@id\":\"https:\\\/\\\/prayde.com\\\/empresa\\\/#organization\"},\"potentialAction\":[{\"@type\":\"SearchAction\",\"target\":{\"@type\":\"EntryPoint\",\"urlTemplate\":\"https:\\\/\\\/prayde.com\\\/empresa\\\/?s={search_term_string}\"},\"query-input\":{\"@type\":\"PropertyValueSpecification\",\"valueRequired\":true,\"valueName\":\"search_term_string\"}}],\"inLanguage\":\"es\"},{\"@type\":\"Organization\",\"@id\":\"https:\\\/\\\/prayde.com\\\/empresa\\\/#organization\",\"name\":\"Gestinmo\",\"url\":\"https:\\\/\\\/prayde.com\\\/empresa\\\/\",\"logo\":{\"@type\":\"ImageObject\",\"inLanguage\":\"es\",\"@id\":\"https:\\\/\\\/prayde.com\\\/empresa\\\/#\\\/schema\\\/logo\\\/image\\\/\",\"url\":\"https:\\\/\\\/prayde.com\\\/empresa\\\/wp-content\\\/uploads\\\/2018\\\/12\\\/cropped-cropped-Prayde-Pe.jpg\",\"contentUrl\":\"https:\\\/\\\/prayde.com\\\/empresa\\\/wp-content\\\/uploads\\\/2018\\\/12\\\/cropped-cropped-Prayde-Pe.jpg\",\"width\":512,\"height\":512,\"caption\":\"Gestinmo\"},\"image\":{\"@id\":\"https:\\\/\\\/prayde.com\\\/empresa\\\/#\\\/schema\\\/logo\\\/image\\\/\"}}]}<\/script>\n<!-- \/ Yoast SEO plugin. -->","yoast_head_json":{"title":"Tutoriales de InmoFase, InmoSensi y de InmoExterior - Gestinmo","description":"Estos tutoriales en v\u00eddeo le mostrar\u00e1n c\u00f3mo funcionan las aplicaciones de InmoFase e InmoSensi para que pueda llevar a cabo sus propios an\u00e1lisis de viabilidad.","robots":{"index":"index","follow":"follow","max-snippet":"max-snippet:-1","max-image-preview":"max-image-preview:large","max-video-preview":"max-video-preview:-1"},"canonical":"https:\/\/prayde.com\/empresa\/tutorial-de-programas\/","og_locale":"es_ES","og_type":"article","og_title":"Tutoriales de InmoFase, InmoSensi y de InmoExterior - Gestinmo","og_description":"Estos tutoriales en v\u00eddeo le mostrar\u00e1n c\u00f3mo funcionan las aplicaciones de InmoFase e InmoSensi para que pueda llevar a cabo sus propios an\u00e1lisis de viabilidad.","og_url":"https:\/\/prayde.com\/empresa\/tutorial-de-programas\/","og_site_name":"Gestinmo","article_modified_time":"2020-12-24T17:10:05+00:00","twitter_card":"summary_large_image","schema":{"@context":"https:\/\/schema.org","@graph":[{"@type":"WebPage","@id":"https:\/\/prayde.com\/empresa\/tutorial-de-programas\/","url":"https:\/\/prayde.com\/empresa\/tutorial-de-programas\/","name":"Tutoriales de InmoFase, InmoSensi y de InmoExterior - Gestinmo","isPartOf":{"@id":"https:\/\/prayde.com\/empresa\/#website"},"datePublished":"2015-09-27T09:36:33+00:00","dateModified":"2020-12-24T17:10:05+00:00","description":"Estos tutoriales en v\u00eddeo le mostrar\u00e1n c\u00f3mo funcionan las aplicaciones de InmoFase e InmoSensi para que pueda llevar a cabo sus propios an\u00e1lisis de viabilidad.","breadcrumb":{"@id":"https:\/\/prayde.com\/empresa\/tutorial-de-programas\/#breadcrumb"},"inLanguage":"es","potentialAction":[{"@type":"ReadAction","target":["https:\/\/prayde.com\/empresa\/tutorial-de-programas\/"]}]},{"@type":"BreadcrumbList","@id":"https:\/\/prayde.com\/empresa\/tutorial-de-programas\/#breadcrumb","itemListElement":[{"@type":"ListItem","position":1,"name":"Portada","item":"https:\/\/prayde.com\/empresa\/"},{"@type":"ListItem","position":2,"name":"Tutoriales de InmoFase, InmoSensi y de InmoExterior"}]},{"@type":"WebSite","@id":"https:\/\/prayde.com\/empresa\/#website","url":"https:\/\/prayde.com\/empresa\/","name":"Gestinmo","description":"Analizar la Rentabilidad y Riesgos de una Promocion Inmobiliaria","publisher":{"@id":"https:\/\/prayde.com\/empresa\/#organization"},"potentialAction":[{"@type":"SearchAction","target":{"@type":"EntryPoint","urlTemplate":"https:\/\/prayde.com\/empresa\/?s={search_term_string}"},"query-input":{"@type":"PropertyValueSpecification","valueRequired":true,"valueName":"search_term_string"}}],"inLanguage":"es"},{"@type":"Organization","@id":"https:\/\/prayde.com\/empresa\/#organization","name":"Gestinmo","url":"https:\/\/prayde.com\/empresa\/","logo":{"@type":"ImageObject","inLanguage":"es","@id":"https:\/\/prayde.com\/empresa\/#\/schema\/logo\/image\/","url":"https:\/\/prayde.com\/empresa\/wp-content\/uploads\/2018\/12\/cropped-cropped-Prayde-Pe.jpg","contentUrl":"https:\/\/prayde.com\/empresa\/wp-content\/uploads\/2018\/12\/cropped-cropped-Prayde-Pe.jpg","width":512,"height":512,"caption":"Gestinmo"},"image":{"@id":"https:\/\/prayde.com\/empresa\/#\/schema\/logo\/image\/"}}]}},"_links":{"self":[{"href":"https:\/\/prayde.com\/empresa\/wp-json\/wp\/v2\/pages\/200","targetHints":{"allow":["GET"]}}],"collection":[{"href":"https:\/\/prayde.com\/empresa\/wp-json\/wp\/v2\/pages"}],"about":[{"href":"https:\/\/prayde.com\/empresa\/wp-json\/wp\/v2\/types\/page"}],"author":[{"embeddable":true,"href":"https:\/\/prayde.com\/empresa\/wp-json\/wp\/v2\/users\/1"}],"replies":[{"embeddable":true,"href":"https:\/\/prayde.com\/empresa\/wp-json\/wp\/v2\/comments?post=200"}],"version-history":[{"count":77,"href":"https:\/\/prayde.com\/empresa\/wp-json\/wp\/v2\/pages\/200\/revisions"}],"predecessor-version":[{"id":1171,"href":"https:\/\/prayde.com\/empresa\/wp-json\/wp\/v2\/pages\/200\/revisions\/1171"}],"wp:attachment":[{"href":"https:\/\/prayde.com\/empresa\/wp-json\/wp\/v2\/media?parent=200"}],"curies":[{"name":"wp","href":"https:\/\/api.w.org\/{rel}","templated":true}]}}